{"id":89,"date":"2022-02-16T13:16:24","date_gmt":"2022-02-16T13:16:24","guid":{"rendered":"https:\/\/vetdoc2022.ulpgc.es\/?page_id=89"},"modified":"2022-02-24T16:07:47","modified_gmt":"2022-02-24T16:07:47","slug":"alojamiento","status":"publish","type":"page","link":"https:\/\/vetdoc2022.ulpgc.es\/index.php\/alojamiento\/","title":{"rendered":"Alojamiento"},"content":{"rendered":"\n<p class=\"has-text-align-justify\">Ponemos a su disposici\u00f3n la posibilidad de organizar su reserva de alojamiento, transporte y cualquier otra actividad fuera de su asistencia al VI Congreso VetDoc Gran Canaria 2022 durante su estancia en Gran Canaria a trav\u00e9s de la empresa colaboradora La Plaza Tours.<\/p>\n\n\n\n<p class=\"has-text-align-justify\">Para m\u00e1s informaci\u00f3n por favor contacten con Georgina Rouhana a trav\u00e9s del email <a href=\"mailto:georgina@laplazatours.com\" target=\"_blank\" rel=\"noreferrer noopener\">georgina@laplazatours.com<\/a>, o en los n\u00fameros de tel\u00e9fono 828706188 \/ 693942795.<\/p>\n\n\n\n<p><\/p>\n","protected":false},"excerpt":{"rendered":"<p>Ponemos a su disposici\u00f3n la posibilidad de organizar su reserva de alojamiento, transporte y cualquier otra actividad fuera de su<span class=\"exprt-dot\"><\/span><\/p>\n","protected":false},"author":1,"featured_media":0,"parent":0,"menu_order":0,"comment_status":"closed","ping_status":"closed","template":"","meta":{"spay_email":"","footnotes":""},"class_list":["post-89","page","type-page","status-publish","hentry"],"yoast_head":"<!-- This site is optimized with the Yoast SEO plugin v18.1 - https:\/\/yoast.com\/wordpress\/plugins\/seo\/ -->\n<title>Alojamiento - VI Congreso VetDoc Gran Canaria 2022<\/title>\n<meta name=\"robots\" content=\"index, follow, max-snippet:-1, max-image-preview:large, max-video-preview:-1\" \/>\n<link rel=\"canonical\" href=\"https:\/\/vetdoc2022.ulpgc.es\/index.php\/alojamiento\/\" \/>\n<meta property=\"og:locale\" content=\"es_ES\" \/>\n<meta property=\"og:type\" content=\"article\" \/>\n<meta property=\"og:title\" content=\"Alojamiento - VI Congreso VetDoc Gran Canaria 2022\" \/>\n<meta property=\"og:description\" content=\"Ponemos a su disposici\u00f3n la posibilidad de organizar su reserva de alojamiento, transporte y cualquier otra actividad fuera de su\" \/>\n<meta property=\"og:url\" content=\"https:\/\/vetdoc2022.ulpgc.es\/index.php\/alojamiento\/\" \/>\n<meta property=\"og:site_name\" content=\"VI Congreso VetDoc Gran Canaria 2022\" \/>\n<meta property=\"article:modified_time\" content=\"2022-02-24T16:07:47+00:00\" \/>\n<meta name=\"twitter:card\" content=\"summary_large_image\" \/>\n<meta name=\"twitter:label1\" content=\"Tiempo de lectura\" \/>\n\t<meta name=\"twitter:data1\" content=\"1 minuto\" \/>\n<script type=\"application\/ld+json\" class=\"yoast-schema-graph\">{\"@context\":\"https:\/\/schema.org\",\"@graph\":[{\"@type\":\"Organization\",\"@id\":\"https:\/\/vetdoc2022.ulpgc.es\/#organization\",\"name\":\"VetDoc 2022\",\"url\":\"https:\/\/vetdoc2022.ulpgc.es\/\",\"sameAs\":[],\"logo\":{\"@type\":\"ImageObject\",\"@id\":\"https:\/\/vetdoc2022.ulpgc.es\/#logo\",\"inLanguage\":\"es\",\"url\":\"https:\/\/vetdoc2022.ulpgc.es\/wp-content\/uploads\/2022\/02\/vetdoc-logo-Gran-Canaria-1-scaled.jpg\",\"contentUrl\":\"https:\/\/vetdoc2022.ulpgc.es\/wp-content\/uploads\/2022\/02\/vetdoc-logo-Gran-Canaria-1-scaled.jpg\",\"width\":2560,\"height\":1566,\"caption\":\"VetDoc 2022\"},\"image\":{\"@id\":\"https:\/\/vetdoc2022.ulpgc.es\/#logo\"}},{\"@type\":\"WebSite\",\"@id\":\"https:\/\/vetdoc2022.ulpgc.es\/#website\",\"url\":\"https:\/\/vetdoc2022.ulpgc.es\/\",\"name\":\"VI Congreso VetDoc Gran Canaria 2022\",\"description\":\"8, 9 y 10 de junio 2022\",\"publisher\":{\"@id\":\"https:\/\/vetdoc2022.ulpgc.es\/#organization\"},\"potentialAction\":[{\"@type\":\"SearchAction\",\"target\":{\"@type\":\"EntryPoint\",\"urlTemplate\":\"https:\/\/vetdoc2022.ulpgc.es\/?s={search_term_string}\"},\"query-input\":\"required name=search_term_string\"}],\"inLanguage\":\"es\"},{\"@type\":\"WebPage\",\"@id\":\"https:\/\/vetdoc2022.ulpgc.es\/index.php\/alojamiento\/#webpage\",\"url\":\"https:\/\/vetdoc2022.ulpgc.es\/index.php\/alojamiento\/\",\"name\":\"Alojamiento - VI Congreso VetDoc Gran Canaria 2022\",\"isPartOf\":{\"@id\":\"https:\/\/vetdoc2022.ulpgc.es\/#website\"},\"datePublished\":\"2022-02-16T13:16:24+00:00\",\"dateModified\":\"2022-02-24T16:07:47+00:00\",\"breadcrumb\":{\"@id\":\"https:\/\/vetdoc2022.ulpgc.es\/index.php\/alojamiento\/#breadcrumb\"},\"inLanguage\":\"es\",\"potentialAction\":[{\"@type\":\"ReadAction\",\"target\":[\"https:\/\/vetdoc2022.ulpgc.es\/index.php\/alojamiento\/\"]}]},{\"@type\":\"BreadcrumbList\",\"@id\":\"https:\/\/vetdoc2022.ulpgc.es\/index.php\/alojamiento\/#breadcrumb\",\"itemListElement\":[{\"@type\":\"ListItem\",\"position\":1,\"name\":\"Portada\",\"item\":\"https:\/\/vetdoc2022.ulpgc.es\/\"},{\"@type\":\"ListItem\",\"position\":2,\"name\":\"Alojamiento\"}]}]}<\/script>\n<!-- \/ Yoast SEO plugin. -->","yoast_head_json":{"title":"Alojamiento - VI Congreso VetDoc Gran Canaria 2022","robots":{"index":"index","follow":"follow","max-snippet":"max-snippet:-1","max-image-preview":"max-image-preview:large","max-video-preview":"max-video-preview:-1"},"canonical":"https:\/\/vetdoc2022.ulpgc.es\/index.php\/alojamiento\/","og_locale":"es_ES","og_type":"article","og_title":"Alojamiento - VI Congreso VetDoc Gran Canaria 2022","og_description":"Ponemos a su disposici\u00f3n la posibilidad de organizar su reserva de alojamiento, transporte y cualquier otra actividad fuera de su","og_url":"https:\/\/vetdoc2022.ulpgc.es\/index.php\/alojamiento\/","og_site_name":"VI Congreso VetDoc Gran Canaria 2022","article_modified_time":"2022-02-24T16:07:47+00:00","twitter_card":"summary_large_image","twitter_misc":{"Tiempo de lectura":"1 minuto"},"schema":{"@context":"https:\/\/schema.org","@graph":[{"@type":"Organization","@id":"https:\/\/vetdoc2022.ulpgc.es\/#organization","name":"VetDoc 2022","url":"https:\/\/vetdoc2022.ulpgc.es\/","sameAs":[],"logo":{"@type":"ImageObject","@id":"https:\/\/vetdoc2022.ulpgc.es\/#logo","inLanguage":"es","url":"https:\/\/vetdoc2022.ulpgc.es\/wp-content\/uploads\/2022\/02\/vetdoc-logo-Gran-Canaria-1-scaled.jpg","contentUrl":"https:\/\/vetdoc2022.ulpgc.es\/wp-content\/uploads\/2022\/02\/vetdoc-logo-Gran-Canaria-1-scaled.jpg","width":2560,"height":1566,"caption":"VetDoc 2022"},"image":{"@id":"https:\/\/vetdoc2022.ulpgc.es\/#logo"}},{"@type":"WebSite","@id":"https:\/\/vetdoc2022.ulpgc.es\/#website","url":"https:\/\/vetdoc2022.ulpgc.es\/","name":"VI Congreso VetDoc Gran Canaria 2022","description":"8, 9 y 10 de junio 2022","publisher":{"@id":"https:\/\/vetdoc2022.ulpgc.es\/#organization"},"potentialAction":[{"@type":"SearchAction","target":{"@type":"EntryPoint","urlTemplate":"https:\/\/vetdoc2022.ulpgc.es\/?s={search_term_string}"},"query-input":"required name=search_term_string"}],"inLanguage":"es"},{"@type":"WebPage","@id":"https:\/\/vetdoc2022.ulpgc.es\/index.php\/alojamiento\/#webpage","url":"https:\/\/vetdoc2022.ulpgc.es\/index.php\/alojamiento\/","name":"Alojamiento - VI Congreso VetDoc Gran Canaria 2022","isPartOf":{"@id":"https:\/\/vetdoc2022.ulpgc.es\/#website"},"datePublished":"2022-02-16T13:16:24+00:00","dateModified":"2022-02-24T16:07:47+00:00","breadcrumb":{"@id":"https:\/\/vetdoc2022.ulpgc.es\/index.php\/alojamiento\/#breadcrumb"},"inLanguage":"es","potentialAction":[{"@type":"ReadAction","target":["https:\/\/vetdoc2022.ulpgc.es\/index.php\/alojamiento\/"]}]},{"@type":"BreadcrumbList","@id":"https:\/\/vetdoc2022.ulpgc.es\/index.php\/alojamiento\/#breadcrumb","itemListElement":[{"@type":"ListItem","position":1,"name":"Portada","item":"https:\/\/vetdoc2022.ulpgc.es\/"},{"@type":"ListItem","position":2,"name":"Alojamiento"}]}]}},"_links":{"self":[{"href":"https:\/\/vetdoc2022.ulpgc.es\/index.php\/wp-json\/wp\/v2\/pages\/89","targetHints":{"allow":["GET"]}}],"collection":[{"href":"https:\/\/vetdoc2022.ulpgc.es\/index.php\/wp-json\/wp\/v2\/pages"}],"about":[{"href":"https:\/\/vetdoc2022.ulpgc.es\/index.php\/wp-json\/wp\/v2\/types\/page"}],"author":[{"embeddable":true,"href":"https:\/\/vetdoc2022.ulpgc.es\/index.php\/wp-json\/wp\/v2\/users\/1"}],"replies":[{"embeddable":true,"href":"https:\/\/vetdoc2022.ulpgc.es\/index.php\/wp-json\/wp\/v2\/comments?post=89"}],"version-history":[{"count":2,"href":"https:\/\/vetdoc2022.ulpgc.es\/index.php\/wp-json\/wp\/v2\/pages\/89\/revisions"}],"predecessor-version":[{"id":146,"href":"https:\/\/vetdoc2022.ulpgc.es\/index.php\/wp-json\/wp\/v2\/pages\/89\/revisions\/146"}],"wp:attachment":[{"href":"https:\/\/vetdoc2022.ulpgc.es\/index.php\/wp-json\/wp\/v2\/media?parent=89"}],"curies":[{"name":"wp","href":"https:\/\/api.w.org\/{rel}","templated":true}]}}