{"id":48,"date":"2022-02-01T12:58:51","date_gmt":"2022-02-01T12:58:51","guid":{"rendered":"https:\/\/vetdoc2022.ulpgc.es\/?page_id=48"},"modified":"2022-02-24T15:20:32","modified_gmt":"2022-02-24T15:20:32","slug":"contacto","status":"publish","type":"page","link":"https:\/\/vetdoc2022.ulpgc.es\/index.php\/contacto\/","title":{"rendered":"Contacto"},"content":{"rendered":"\n<div class=\"wp-block-group\"><div class=\"wp-block-group__inner-container is-layout-flow wp-block-group-is-layout-flow\">\n<p>Para cualquier duda relativa al congreso pueden usar los siguientes contactos:<\/p>\n\n\n\n<div class=\"wp-block-group\"><div class=\"wp-block-group__inner-container is-layout-flow wp-block-group-is-layout-flow\">\n<p>      Ana Sof\u00eda Ram\u00edrez Corbera &#8211; <a href=\"mailto:anasofia.ramirez@ulpgc.es\" target=\"_blank\" rel=\"noreferrer noopener\">anasofia.ramirez@ulpgc.es<\/a> <\/p>\n\n\n\n<p>     Jos\u00e9 Radu\u00e1n Jaber Mahamad &#8211; <a href=\"mailto:joseraduan.jaber@ulpgc.es\" target=\"_blank\" rel=\"noreferrer noopener\">joseraduan.jaber@ulpgc.es<\/a><\/p>\n\n\n\n<p>     Rub\u00e9n S. Rosales Santana &#8211; <a href=\"mailto:ruben.rosales@ulpgc.es\" target=\"_blank\" rel=\"noreferrer noopener\">ruben.rosales@ulpgc.es<\/a><\/p>\n<\/div><\/div>\n<\/div><\/div>\n\n\n\n<hr class=\"wp-block-separator\"\/>\n\n\n\n<p><\/p>\n","protected":false},"excerpt":{"rendered":"<p>Para cualquier duda relativa al congreso pueden usar los siguientes contactos: Ana Sof\u00eda Ram\u00edrez Corbera &#8211; anasofia.ramirez@ulpgc.es Jos\u00e9 Radu\u00e1n Jaber<span class=\"exprt-dot\"><\/span><\/p>\n","protected":false},"author":1,"featured_media":0,"parent":0,"menu_order":0,"comment_status":"closed","ping_status":"closed","template":"","meta":{"spay_email":"","footnotes":""},"class_list":["post-48","page","type-page","status-publish","hentry"],"yoast_head":"<!-- This site is optimized with the Yoast SEO plugin v18.1 - https:\/\/yoast.com\/wordpress\/plugins\/seo\/ -->\n<title>Contacto - VI Congreso VetDoc Gran Canaria 2022<\/title>\n<meta name=\"robots\" content=\"index, follow, max-snippet:-1, max-image-preview:large, max-video-preview:-1\" \/>\n<link rel=\"canonical\" href=\"https:\/\/vetdoc2022.ulpgc.es\/index.php\/contacto\/\" \/>\n<meta property=\"og:locale\" content=\"es_ES\" \/>\n<meta property=\"og:type\" content=\"article\" \/>\n<meta property=\"og:title\" content=\"Contacto - VI Congreso VetDoc Gran Canaria 2022\" \/>\n<meta property=\"og:description\" content=\"Para cualquier duda relativa al congreso pueden usar los siguientes contactos: Ana Sof\u00eda Ram\u00edrez Corbera &#8211; anasofia.ramirez@ulpgc.es Jos\u00e9 Radu\u00e1n Jaber\" \/>\n<meta property=\"og:url\" content=\"https:\/\/vetdoc2022.ulpgc.es\/index.php\/contacto\/\" \/>\n<meta property=\"og:site_name\" content=\"VI Congreso VetDoc Gran Canaria 2022\" \/>\n<meta property=\"article:modified_time\" content=\"2022-02-24T15:20:32+00:00\" \/>\n<meta name=\"twitter:card\" content=\"summary_large_image\" \/>\n<meta name=\"twitter:label1\" content=\"Tiempo de lectura\" \/>\n\t<meta name=\"twitter:data1\" content=\"1 minuto\" \/>\n<script type=\"application\/ld+json\" class=\"yoast-schema-graph\">{\"@context\":\"https:\/\/schema.org\",\"@graph\":[{\"@type\":\"Organization\",\"@id\":\"https:\/\/vetdoc2022.ulpgc.es\/#organization\",\"name\":\"VetDoc 2022\",\"url\":\"https:\/\/vetdoc2022.ulpgc.es\/\",\"sameAs\":[],\"logo\":{\"@type\":\"ImageObject\",\"@id\":\"https:\/\/vetdoc2022.ulpgc.es\/#logo\",\"inLanguage\":\"es\",\"url\":\"https:\/\/vetdoc2022.ulpgc.es\/wp-content\/uploads\/2022\/02\/vetdoc-logo-Gran-Canaria-1-scaled.jpg\",\"contentUrl\":\"https:\/\/vetdoc2022.ulpgc.es\/wp-content\/uploads\/2022\/02\/vetdoc-logo-Gran-Canaria-1-scaled.jpg\",\"width\":2560,\"height\":1566,\"caption\":\"VetDoc 2022\"},\"image\":{\"@id\":\"https:\/\/vetdoc2022.ulpgc.es\/#logo\"}},{\"@type\":\"WebSite\",\"@id\":\"https:\/\/vetdoc2022.ulpgc.es\/#website\",\"url\":\"https:\/\/vetdoc2022.ulpgc.es\/\",\"name\":\"VI Congreso VetDoc Gran Canaria 2022\",\"description\":\"8, 9 y 10 de junio 2022\",\"publisher\":{\"@id\":\"https:\/\/vetdoc2022.ulpgc.es\/#organization\"},\"potentialAction\":[{\"@type\":\"SearchAction\",\"target\":{\"@type\":\"EntryPoint\",\"urlTemplate\":\"https:\/\/vetdoc2022.ulpgc.es\/?s={search_term_string}\"},\"query-input\":\"required name=search_term_string\"}],\"inLanguage\":\"es\"},{\"@type\":\"WebPage\",\"@id\":\"https:\/\/vetdoc2022.ulpgc.es\/index.php\/contacto\/#webpage\",\"url\":\"https:\/\/vetdoc2022.ulpgc.es\/index.php\/contacto\/\",\"name\":\"Contacto - VI Congreso VetDoc Gran Canaria 2022\",\"isPartOf\":{\"@id\":\"https:\/\/vetdoc2022.ulpgc.es\/#website\"},\"datePublished\":\"2022-02-01T12:58:51+00:00\",\"dateModified\":\"2022-02-24T15:20:32+00:00\",\"breadcrumb\":{\"@id\":\"https:\/\/vetdoc2022.ulpgc.es\/index.php\/contacto\/#breadcrumb\"},\"inLanguage\":\"es\",\"potentialAction\":[{\"@type\":\"ReadAction\",\"target\":[\"https:\/\/vetdoc2022.ulpgc.es\/index.php\/contacto\/\"]}]},{\"@type\":\"BreadcrumbList\",\"@id\":\"https:\/\/vetdoc2022.ulpgc.es\/index.php\/contacto\/#breadcrumb\",\"itemListElement\":[{\"@type\":\"ListItem\",\"position\":1,\"name\":\"Portada\",\"item\":\"https:\/\/vetdoc2022.ulpgc.es\/\"},{\"@type\":\"ListItem\",\"position\":2,\"name\":\"Contacto\"}]}]}<\/script>\n<!-- \/ Yoast SEO plugin. -->","yoast_head_json":{"title":"Contacto - VI Congreso VetDoc Gran Canaria 2022","robots":{"index":"index","follow":"follow","max-snippet":"max-snippet:-1","max-image-preview":"max-image-preview:large","max-video-preview":"max-video-preview:-1"},"canonical":"https:\/\/vetdoc2022.ulpgc.es\/index.php\/contacto\/","og_locale":"es_ES","og_type":"article","og_title":"Contacto - VI Congreso VetDoc Gran Canaria 2022","og_description":"Para cualquier duda relativa al congreso pueden usar los siguientes contactos: Ana Sof\u00eda Ram\u00edrez Corbera &#8211; anasofia.ramirez@ulpgc.es Jos\u00e9 Radu\u00e1n Jaber","og_url":"https:\/\/vetdoc2022.ulpgc.es\/index.php\/contacto\/","og_site_name":"VI Congreso VetDoc Gran Canaria 2022","article_modified_time":"2022-02-24T15:20:32+00:00","twitter_card":"summary_large_image","twitter_misc":{"Tiempo de lectura":"1 minuto"},"schema":{"@context":"https:\/\/schema.org","@graph":[{"@type":"Organization","@id":"https:\/\/vetdoc2022.ulpgc.es\/#organization","name":"VetDoc 2022","url":"https:\/\/vetdoc2022.ulpgc.es\/","sameAs":[],"logo":{"@type":"ImageObject","@id":"https:\/\/vetdoc2022.ulpgc.es\/#logo","inLanguage":"es","url":"https:\/\/vetdoc2022.ulpgc.es\/wp-content\/uploads\/2022\/02\/vetdoc-logo-Gran-Canaria-1-scaled.jpg","contentUrl":"https:\/\/vetdoc2022.ulpgc.es\/wp-content\/uploads\/2022\/02\/vetdoc-logo-Gran-Canaria-1-scaled.jpg","width":2560,"height":1566,"caption":"VetDoc 2022"},"image":{"@id":"https:\/\/vetdoc2022.ulpgc.es\/#logo"}},{"@type":"WebSite","@id":"https:\/\/vetdoc2022.ulpgc.es\/#website","url":"https:\/\/vetdoc2022.ulpgc.es\/","name":"VI Congreso VetDoc Gran Canaria 2022","description":"8, 9 y 10 de junio 2022","publisher":{"@id":"https:\/\/vetdoc2022.ulpgc.es\/#organization"},"potentialAction":[{"@type":"SearchAction","target":{"@type":"EntryPoint","urlTemplate":"https:\/\/vetdoc2022.ulpgc.es\/?s={search_term_string}"},"query-input":"required name=search_term_string"}],"inLanguage":"es"},{"@type":"WebPage","@id":"https:\/\/vetdoc2022.ulpgc.es\/index.php\/contacto\/#webpage","url":"https:\/\/vetdoc2022.ulpgc.es\/index.php\/contacto\/","name":"Contacto - VI Congreso VetDoc Gran Canaria 2022","isPartOf":{"@id":"https:\/\/vetdoc2022.ulpgc.es\/#website"},"datePublished":"2022-02-01T12:58:51+00:00","dateModified":"2022-02-24T15:20:32+00:00","breadcrumb":{"@id":"https:\/\/vetdoc2022.ulpgc.es\/index.php\/contacto\/#breadcrumb"},"inLanguage":"es","potentialAction":[{"@type":"ReadAction","target":["https:\/\/vetdoc2022.ulpgc.es\/index.php\/contacto\/"]}]},{"@type":"BreadcrumbList","@id":"https:\/\/vetdoc2022.ulpgc.es\/index.php\/contacto\/#breadcrumb","itemListElement":[{"@type":"ListItem","position":1,"name":"Portada","item":"https:\/\/vetdoc2022.ulpgc.es\/"},{"@type":"ListItem","position":2,"name":"Contacto"}]}]}},"_links":{"self":[{"href":"https:\/\/vetdoc2022.ulpgc.es\/index.php\/wp-json\/wp\/v2\/pages\/48","targetHints":{"allow":["GET"]}}],"collection":[{"href":"https:\/\/vetdoc2022.ulpgc.es\/index.php\/wp-json\/wp\/v2\/pages"}],"about":[{"href":"https:\/\/vetdoc2022.ulpgc.es\/index.php\/wp-json\/wp\/v2\/types\/page"}],"author":[{"embeddable":true,"href":"https:\/\/vetdoc2022.ulpgc.es\/index.php\/wp-json\/wp\/v2\/users\/1"}],"replies":[{"embeddable":true,"href":"https:\/\/vetdoc2022.ulpgc.es\/index.php\/wp-json\/wp\/v2\/comments?post=48"}],"version-history":[{"count":7,"href":"https:\/\/vetdoc2022.ulpgc.es\/index.php\/wp-json\/wp\/v2\/pages\/48\/revisions"}],"predecessor-version":[{"id":127,"href":"https:\/\/vetdoc2022.ulpgc.es\/index.php\/wp-json\/wp\/v2\/pages\/48\/revisions\/127"}],"wp:attachment":[{"href":"https:\/\/vetdoc2022.ulpgc.es\/index.php\/wp-json\/wp\/v2\/media?parent=48"}],"curies":[{"name":"wp","href":"https:\/\/api.w.org\/{rel}","templated":true}]}}