{"id":45,"date":"2022-02-01T12:58:51","date_gmt":"2022-02-01T12:58:51","guid":{"rendered":"https:\/\/vetdoc2022.ulpgc.es\/?page_id=45"},"modified":"2022-04-25T16:35:21","modified_gmt":"2022-04-25T16:35:21","slug":"incripciones","status":"publish","type":"page","link":"https:\/\/vetdoc2022.ulpgc.es\/index.php\/incripciones\/","title":{"rendered":"Inscripciones"},"content":{"rendered":"\n<figure class=\"wp-block-table\"><table><tbody><tr><td class=\"has-text-align-center\" data-align=\"center\"><strong>CUOTA<\/strong><\/td><td class=\"has-text-align-center\" data-align=\"center\"><strong>DENTRO DE PLAZO (hasta 30\/04\/2022)<\/strong><\/td><td class=\"has-text-align-center\" data-align=\"center\"><strong>FUERA DE PLAZO (01\/05\/2022)<\/strong><\/td><\/tr><tr><td class=\"has-text-align-center\" data-align=\"center\"><strong>Miembro VETDOC<\/strong><\/td><td class=\"has-text-align-center\" data-align=\"center\">95 \u20ac<\/td><td class=\"has-text-align-center\" data-align=\"center\">115 \u20ac<\/td><\/tr><tr><td class=\"has-text-align-center\" data-align=\"center\"><strong>Resto participantes<\/strong><\/td><td class=\"has-text-align-center\" data-align=\"center\">115 \u20ac<\/td><td class=\"has-text-align-center\" data-align=\"center\">125 \u20ac<\/td><\/tr><\/tbody><\/table><\/figure>\n\n\n\n<p><strong>Cena jueves 09\/06\/2022: <\/strong>10\u20ac. <strong>Actividad social<\/strong>: Gratuita.<\/p>\n\n\n\n<p>La inscripci\u00f3n al congreso se realizar\u00e1 a trav\u00e9s del formulario localizado al final de esta p\u00e1gina. Una vez rellenado y enviado recibir\u00e1n un email en 24 &#8211; 48 horas indicando los pasos a seguir para realizar el pago de la misma. <\/p>\n\n\n<div class=\"wpforms-container wpforms-container-full\" id=\"wpforms-122\"><form id=\"wpforms-form-122\" class=\"wpforms-validate wpforms-form wpforms-ajax-form\" data-formid=\"122\" method=\"post\" enctype=\"multipart\/form-data\" action=\"\/index.php\/wp-json\/wp\/v2\/pages\/45\" data-token=\"b50815b618cf4fa9f3c1bf39752750b5\"><noscript class=\"wpforms-error-noscript\">Por favor, activa JavaScript en tu navegador para completar este formulario.<\/noscript><div class=\"wpforms-field-container\"><div id=\"wpforms-122-field_0-container\" class=\"wpforms-field wpforms-field-name\" data-field-id=\"0\"><label class=\"wpforms-field-label\" for=\"wpforms-122-field_0\">Nombre y apellidos <span class=\"wpforms-required-label\">*<\/span><\/label><div class=\"wpforms-field-row wpforms-field-medium\"><div class=\"wpforms-field-row-block wpforms-first wpforms-one-half\"><input type=\"text\" id=\"wpforms-122-field_0\" class=\"wpforms-field-name-first wpforms-field-required\" name=\"wpforms[fields][0][first]\" required><label for=\"wpforms-122-field_0\" class=\"wpforms-field-sublabel after \">Nombre<\/label><\/div><div class=\"wpforms-field-row-block wpforms-one-half\"><input type=\"text\" id=\"wpforms-122-field_0-last\" class=\"wpforms-field-name-last wpforms-field-required\" name=\"wpforms[fields][0][last]\" required><label for=\"wpforms-122-field_0-last\" class=\"wpforms-field-sublabel after \">Apellidos<\/label><\/div><\/div><\/div><div id=\"wpforms-122-field_1-container\" class=\"wpforms-field wpforms-field-email\" data-field-id=\"1\"><label class=\"wpforms-field-label\" for=\"wpforms-122-field_1\">Email <span class=\"wpforms-required-label\">*<\/span><\/label><input type=\"email\" id=\"wpforms-122-field_1\" class=\"wpforms-field-medium wpforms-field-required\" name=\"wpforms[fields][1]\" required><\/div><div id=\"wpforms-122-field_3-container\" class=\"wpforms-field wpforms-field-text\" data-field-id=\"3\"><label class=\"wpforms-field-label\" for=\"wpforms-122-field_3\">Centro de Trabajo <span class=\"wpforms-required-label\">*<\/span><\/label><input type=\"text\" id=\"wpforms-122-field_3\" class=\"wpforms-field-medium wpforms-field-required\" name=\"wpforms[fields][3]\" required><\/div><div id=\"wpforms-122-field_4-container\" class=\"wpforms-field wpforms-field-checkbox\" data-field-id=\"4\"><label class=\"wpforms-field-label\" for=\"wpforms-122-field_4\">Miembro de VetDoc <span class=\"wpforms-required-label\">*<\/span><\/label><ul id=\"wpforms-122-field_4\" class=\"wpforms-field-required\"><li class=\"choice-1 depth-1\"><input type=\"checkbox\" id=\"wpforms-122-field_4_1\" name=\"wpforms[fields][4][]\" value=\"Si\" required ><label class=\"wpforms-field-label-inline\" for=\"wpforms-122-field_4_1\">Si<\/label><\/li><li class=\"choice-2 depth-1\"><input type=\"checkbox\" id=\"wpforms-122-field_4_2\" name=\"wpforms[fields][4][]\" value=\"No\" required ><label class=\"wpforms-field-label-inline\" for=\"wpforms-122-field_4_2\">No<\/label><\/li><\/ul><\/div><div id=\"wpforms-122-field_7-container\" class=\"wpforms-field wpforms-field-checkbox\" data-field-id=\"7\"><label class=\"wpforms-field-label\" for=\"wpforms-122-field_7\">Cena (10 \u20ac) <span class=\"wpforms-required-label\">*<\/span><\/label><ul id=\"wpforms-122-field_7\" class=\"wpforms-field-required\"><li class=\"choice-1 depth-1\"><input type=\"checkbox\" id=\"wpforms-122-field_7_1\" name=\"wpforms[fields][7][]\" value=\"Si\" required ><label class=\"wpforms-field-label-inline\" for=\"wpforms-122-field_7_1\">Si<\/label><\/li><li class=\"choice-2 depth-1\"><input type=\"checkbox\" id=\"wpforms-122-field_7_2\" name=\"wpforms[fields][7][]\" value=\"No\" required ><label class=\"wpforms-field-label-inline\" for=\"wpforms-122-field_7_2\">No<\/label><\/li><\/ul><\/div><div id=\"wpforms-122-field_8-container\" class=\"wpforms-field wpforms-field-checkbox\" data-field-id=\"8\"><label class=\"wpforms-field-label\" for=\"wpforms-122-field_8\">Actividad social 09\/06\/2022 (gratuita) <span class=\"wpforms-required-label\">*<\/span><\/label><ul id=\"wpforms-122-field_8\" class=\"wpforms-field-required\"><li class=\"choice-1 depth-1\"><input type=\"checkbox\" id=\"wpforms-122-field_8_1\" name=\"wpforms[fields][8][]\" value=\"Si\" required ><label class=\"wpforms-field-label-inline\" for=\"wpforms-122-field_8_1\">Si<\/label><\/li><li class=\"choice-2 depth-1\"><input type=\"checkbox\" id=\"wpforms-122-field_8_2\" name=\"wpforms[fields][8][]\" value=\"No\" required ><label class=\"wpforms-field-label-inline\" for=\"wpforms-122-field_8_2\">No<\/label><\/li><\/ul><\/div><\/div><div class=\"wpforms-submit-container\"><input type=\"hidden\" name=\"wpforms[id]\" value=\"122\"><input type=\"hidden\" name=\"wpforms[author]\" value=\"1\"><button type=\"submit\" name=\"wpforms[submit]\" id=\"wpforms-submit-122\" class=\"wpforms-submit\" data-alt-text=\"Enviando\" data-submit-text=\"Enviar\" aria-live=\"assertive\" value=\"wpforms-submit\">Enviar<\/button><img loading=\"lazy\" decoding=\"async\" src=\"https:\/\/vetdoc2022.ulpgc.es\/wp-content\/plugins\/wpforms-lite\/assets\/images\/submit-spin.svg\" class=\"wpforms-submit-spinner\" style=\"display: none;\" width=\"26\" height=\"26\" alt=\"\"><\/div><\/form><\/div>  <!-- .wpforms-container -->\n\n\n<hr class=\"wp-block-separator\"\/>\n\n\n\n<p class=\"has-text-align-justify has-pale-cyan-blue-background-color has-background\" id=\"asociarsevetdoc\"><strong>Solicitud para asociarse a VetDoc<\/strong><br>Si quieres asociarte a VetDoc, descarga la solicitud <a href=\"https:\/\/vetdoc2022.ulpgc.es\/wp-content\/uploads\/2022\/02\/Solicitud-para-asociarse-a-VetDoc.pdf\" target=\"_blank\" rel=\"noreferrer noopener\">aqu\u00ed<\/a>, y rem\u00edtela cumplimentada a la siguiente direcci\u00f3n: a&nbsp;<a href=\"mailto:vet.doc@outlook.com\" target=\"_blank\" rel=\"noreferrer noopener\">vet.doc@outlook.com<\/a><br><\/p>\n","protected":false},"excerpt":{"rendered":"<p>CUOTA DENTRO DE PLAZO (hasta 30\/04\/2022) FUERA DE PLAZO (01\/05\/2022) Miembro VETDOC 95 \u20ac 115 \u20ac Resto participantes 115 \u20ac<span class=\"exprt-dot\"><\/span><\/p>\n","protected":false},"author":1,"featured_media":0,"parent":0,"menu_order":0,"comment_status":"closed","ping_status":"closed","template":"","meta":{"spay_email":"","footnotes":""},"class_list":["post-45","page","type-page","status-publish","hentry"],"yoast_head":"<!-- This site is optimized with the Yoast SEO plugin v18.1 - https:\/\/yoast.com\/wordpress\/plugins\/seo\/ -->\n<title>Inscripciones - VI Congreso VetDoc Gran Canaria 2022<\/title>\n<meta name=\"robots\" content=\"index, follow, max-snippet:-1, max-image-preview:large, max-video-preview:-1\" \/>\n<link rel=\"canonical\" href=\"https:\/\/vetdoc2022.ulpgc.es\/index.php\/incripciones\/\" \/>\n<meta property=\"og:locale\" content=\"es_ES\" \/>\n<meta property=\"og:type\" content=\"article\" \/>\n<meta property=\"og:title\" content=\"Inscripciones - VI Congreso VetDoc Gran Canaria 2022\" \/>\n<meta property=\"og:description\" content=\"CUOTA DENTRO DE PLAZO (hasta 30\/04\/2022) FUERA DE PLAZO (01\/05\/2022) Miembro VETDOC 95 \u20ac 115 \u20ac Resto participantes 115 \u20ac\" \/>\n<meta property=\"og:url\" content=\"https:\/\/vetdoc2022.ulpgc.es\/index.php\/incripciones\/\" \/>\n<meta property=\"og:site_name\" content=\"VI Congreso VetDoc Gran Canaria 2022\" \/>\n<meta property=\"article:modified_time\" content=\"2022-04-25T16:35:21+00:00\" \/>\n<meta name=\"twitter:card\" content=\"summary_large_image\" \/>\n<meta name=\"twitter:label1\" content=\"Tiempo de lectura\" \/>\n\t<meta name=\"twitter:data1\" content=\"1 minuto\" \/>\n<script type=\"application\/ld+json\" class=\"yoast-schema-graph\">{\"@context\":\"https:\/\/schema.org\",\"@graph\":[{\"@type\":\"Organization\",\"@id\":\"https:\/\/vetdoc2022.ulpgc.es\/#organization\",\"name\":\"VetDoc 2022\",\"url\":\"https:\/\/vetdoc2022.ulpgc.es\/\",\"sameAs\":[],\"logo\":{\"@type\":\"ImageObject\",\"@id\":\"https:\/\/vetdoc2022.ulpgc.es\/#logo\",\"inLanguage\":\"es\",\"url\":\"https:\/\/vetdoc2022.ulpgc.es\/wp-content\/uploads\/2022\/02\/vetdoc-logo-Gran-Canaria-1-scaled.jpg\",\"contentUrl\":\"https:\/\/vetdoc2022.ulpgc.es\/wp-content\/uploads\/2022\/02\/vetdoc-logo-Gran-Canaria-1-scaled.jpg\",\"width\":2560,\"height\":1566,\"caption\":\"VetDoc 2022\"},\"image\":{\"@id\":\"https:\/\/vetdoc2022.ulpgc.es\/#logo\"}},{\"@type\":\"WebSite\",\"@id\":\"https:\/\/vetdoc2022.ulpgc.es\/#website\",\"url\":\"https:\/\/vetdoc2022.ulpgc.es\/\",\"name\":\"VI Congreso VetDoc Gran Canaria 2022\",\"description\":\"8, 9 y 10 de junio 2022\",\"publisher\":{\"@id\":\"https:\/\/vetdoc2022.ulpgc.es\/#organization\"},\"potentialAction\":[{\"@type\":\"SearchAction\",\"target\":{\"@type\":\"EntryPoint\",\"urlTemplate\":\"https:\/\/vetdoc2022.ulpgc.es\/?s={search_term_string}\"},\"query-input\":\"required name=search_term_string\"}],\"inLanguage\":\"es\"},{\"@type\":\"WebPage\",\"@id\":\"https:\/\/vetdoc2022.ulpgc.es\/index.php\/incripciones\/#webpage\",\"url\":\"https:\/\/vetdoc2022.ulpgc.es\/index.php\/incripciones\/\",\"name\":\"Inscripciones - VI Congreso VetDoc Gran Canaria 2022\",\"isPartOf\":{\"@id\":\"https:\/\/vetdoc2022.ulpgc.es\/#website\"},\"datePublished\":\"2022-02-01T12:58:51+00:00\",\"dateModified\":\"2022-04-25T16:35:21+00:00\",\"breadcrumb\":{\"@id\":\"https:\/\/vetdoc2022.ulpgc.es\/index.php\/incripciones\/#breadcrumb\"},\"inLanguage\":\"es\",\"potentialAction\":[{\"@type\":\"ReadAction\",\"target\":[\"https:\/\/vetdoc2022.ulpgc.es\/index.php\/incripciones\/\"]}]},{\"@type\":\"BreadcrumbList\",\"@id\":\"https:\/\/vetdoc2022.ulpgc.es\/index.php\/incripciones\/#breadcrumb\",\"itemListElement\":[{\"@type\":\"ListItem\",\"position\":1,\"name\":\"Portada\",\"item\":\"https:\/\/vetdoc2022.ulpgc.es\/\"},{\"@type\":\"ListItem\",\"position\":2,\"name\":\"Inscripciones\"}]}]}<\/script>\n<!-- \/ Yoast SEO plugin. -->","yoast_head_json":{"title":"Inscripciones - VI Congreso VetDoc Gran Canaria 2022","robots":{"index":"index","follow":"follow","max-snippet":"max-snippet:-1","max-image-preview":"max-image-preview:large","max-video-preview":"max-video-preview:-1"},"canonical":"https:\/\/vetdoc2022.ulpgc.es\/index.php\/incripciones\/","og_locale":"es_ES","og_type":"article","og_title":"Inscripciones - VI Congreso VetDoc Gran Canaria 2022","og_description":"CUOTA DENTRO DE PLAZO (hasta 30\/04\/2022) FUERA DE PLAZO (01\/05\/2022) Miembro VETDOC 95 \u20ac 115 \u20ac Resto participantes 115 \u20ac","og_url":"https:\/\/vetdoc2022.ulpgc.es\/index.php\/incripciones\/","og_site_name":"VI Congreso VetDoc Gran Canaria 2022","article_modified_time":"2022-04-25T16:35:21+00:00","twitter_card":"summary_large_image","twitter_misc":{"Tiempo de lectura":"1 minuto"},"schema":{"@context":"https:\/\/schema.org","@graph":[{"@type":"Organization","@id":"https:\/\/vetdoc2022.ulpgc.es\/#organization","name":"VetDoc 2022","url":"https:\/\/vetdoc2022.ulpgc.es\/","sameAs":[],"logo":{"@type":"ImageObject","@id":"https:\/\/vetdoc2022.ulpgc.es\/#logo","inLanguage":"es","url":"https:\/\/vetdoc2022.ulpgc.es\/wp-content\/uploads\/2022\/02\/vetdoc-logo-Gran-Canaria-1-scaled.jpg","contentUrl":"https:\/\/vetdoc2022.ulpgc.es\/wp-content\/uploads\/2022\/02\/vetdoc-logo-Gran-Canaria-1-scaled.jpg","width":2560,"height":1566,"caption":"VetDoc 2022"},"image":{"@id":"https:\/\/vetdoc2022.ulpgc.es\/#logo"}},{"@type":"WebSite","@id":"https:\/\/vetdoc2022.ulpgc.es\/#website","url":"https:\/\/vetdoc2022.ulpgc.es\/","name":"VI Congreso VetDoc Gran Canaria 2022","description":"8, 9 y 10 de junio 2022","publisher":{"@id":"https:\/\/vetdoc2022.ulpgc.es\/#organization"},"potentialAction":[{"@type":"SearchAction","target":{"@type":"EntryPoint","urlTemplate":"https:\/\/vetdoc2022.ulpgc.es\/?s={search_term_string}"},"query-input":"required name=search_term_string"}],"inLanguage":"es"},{"@type":"WebPage","@id":"https:\/\/vetdoc2022.ulpgc.es\/index.php\/incripciones\/#webpage","url":"https:\/\/vetdoc2022.ulpgc.es\/index.php\/incripciones\/","name":"Inscripciones - VI Congreso VetDoc Gran Canaria 2022","isPartOf":{"@id":"https:\/\/vetdoc2022.ulpgc.es\/#website"},"datePublished":"2022-02-01T12:58:51+00:00","dateModified":"2022-04-25T16:35:21+00:00","breadcrumb":{"@id":"https:\/\/vetdoc2022.ulpgc.es\/index.php\/incripciones\/#breadcrumb"},"inLanguage":"es","potentialAction":[{"@type":"ReadAction","target":["https:\/\/vetdoc2022.ulpgc.es\/index.php\/incripciones\/"]}]},{"@type":"BreadcrumbList","@id":"https:\/\/vetdoc2022.ulpgc.es\/index.php\/incripciones\/#breadcrumb","itemListElement":[{"@type":"ListItem","position":1,"name":"Portada","item":"https:\/\/vetdoc2022.ulpgc.es\/"},{"@type":"ListItem","position":2,"name":"Inscripciones"}]}]}},"_links":{"self":[{"href":"https:\/\/vetdoc2022.ulpgc.es\/index.php\/wp-json\/wp\/v2\/pages\/45","targetHints":{"allow":["GET"]}}],"collection":[{"href":"https:\/\/vetdoc2022.ulpgc.es\/index.php\/wp-json\/wp\/v2\/pages"}],"about":[{"href":"https:\/\/vetdoc2022.ulpgc.es\/index.php\/wp-json\/wp\/v2\/types\/page"}],"author":[{"embeddable":true,"href":"https:\/\/vetdoc2022.ulpgc.es\/index.php\/wp-json\/wp\/v2\/users\/1"}],"replies":[{"embeddable":true,"href":"https:\/\/vetdoc2022.ulpgc.es\/index.php\/wp-json\/wp\/v2\/comments?post=45"}],"version-history":[{"count":20,"href":"https:\/\/vetdoc2022.ulpgc.es\/index.php\/wp-json\/wp\/v2\/pages\/45\/revisions"}],"predecessor-version":[{"id":275,"href":"https:\/\/vetdoc2022.ulpgc.es\/index.php\/wp-json\/wp\/v2\/pages\/45\/revisions\/275"}],"wp:attachment":[{"href":"https:\/\/vetdoc2022.ulpgc.es\/index.php\/wp-json\/wp\/v2\/media?parent=45"}],"curies":[{"name":"wp","href":"https:\/\/api.w.org\/{rel}","templated":true}]}}