{"id":42,"date":"2022-02-01T12:58:51","date_gmt":"2022-02-01T12:58:51","guid":{"rendered":"https:\/\/vetdoc2022.ulpgc.es\/?page_id=42"},"modified":"2022-04-19T10:56:54","modified_gmt":"2022-04-19T10:56:54","slug":"ponentes","status":"publish","type":"page","link":"https:\/\/vetdoc2022.ulpgc.es\/index.php\/ponentes\/","title":{"rendered":"Ponentes"},"content":{"rendered":"\n<div class=\"wp-block-columns is-layout-flex wp-container-core-columns-is-layout-9d6595d7 wp-block-columns-is-layout-flex\">\n<div class=\"wp-block-column is-layout-flow wp-block-column-is-layout-flow\" style=\"flex-basis:100%\">\n<div class=\"wp-block-group\"><div class=\"wp-block-group__inner-container is-layout-flow wp-block-group-is-layout-flow\">\n<div class=\"wp-block-image\"><figure class=\"alignleft size-large is-resized\"><img loading=\"lazy\" decoding=\"async\" src=\"https:\/\/vetdoc2022.ulpgc.es\/wp-content\/uploads\/2022\/04\/WhatsApp-Image-2022-04-19-at-11.16.02-AM-588x1024.jpeg\" alt=\"\" class=\"wp-image-261\" width=\"225\" height=\"393\" srcset=\"https:\/\/vetdoc2022.ulpgc.es\/wp-content\/uploads\/2022\/04\/WhatsApp-Image-2022-04-19-at-11.16.02-AM-588x1024.jpeg 588w, https:\/\/vetdoc2022.ulpgc.es\/wp-content\/uploads\/2022\/04\/WhatsApp-Image-2022-04-19-at-11.16.02-AM-172x300.jpeg 172w, https:\/\/vetdoc2022.ulpgc.es\/wp-content\/uploads\/2022\/04\/WhatsApp-Image-2022-04-19-at-11.16.02-AM-768x1338.jpeg 768w, https:\/\/vetdoc2022.ulpgc.es\/wp-content\/uploads\/2022\/04\/WhatsApp-Image-2022-04-19-at-11.16.02-AM-881x1536.jpeg 881w, https:\/\/vetdoc2022.ulpgc.es\/wp-content\/uploads\/2022\/04\/WhatsApp-Image-2022-04-19-at-11.16.02-AM.jpeg 1080w\" sizes=\"auto, (max-width: 225px) 100vw, 225px\" \/><\/figure><\/div>\n\n\n\n<p class=\"has-text-align-justify\"><strong>Lina M. St\u00fcrmer,<\/strong> Docente de alem\u00e1n. Escuela Oficial de Idiomas Telde (Gran Canaria). <a href=\"https:\/\/comunicacion.abanca.com\/es\/noticias\/la-ministra-de-educacion-preside-la-gala-de-los-v-premios-educa-abanca\/\" target=\"_blank\" rel=\"noreferrer noopener\">Premio Educa Abanca<\/a> Mejor Docente de Espa\u00f1a 2021 (Educaci\u00f3n No Formal).<\/p>\n\n\n\n<p><\/p>\n\n\n\n<p><\/p>\n\n\n\n<p>Facebook: <a href=\"https:\/\/cutt.ly\/kfRNphB\" target=\"_blank\" rel=\"noreferrer noopener\">https:\/\/cutt.ly\/kfRNphB<\/a> <br>Youtube: <a href=\"https:\/\/cutt.ly\/ufRNfJh\" target=\"_blank\" rel=\"noreferrer noopener\">https:\/\/cutt.ly\/ufRNfJh<\/a><br>Instagram: <a href=\"https:\/\/cutt.ly\/OfRNs8D\" target=\"_blank\" rel=\"noreferrer noopener\">https:\/\/cutt.ly\/OfRNs8D<\/a><\/p>\n<\/div><\/div>\n<\/div>\n<\/div>\n\n\n\n<hr class=\"wp-block-separator\"\/>\n\n\n\n<p><\/p>\n","protected":false},"excerpt":{"rendered":"<p>Lina M. St\u00fcrmer, Docente de alem\u00e1n. Escuela Oficial de Idiomas Telde (Gran Canaria). Premio Educa Abanca Mejor Docente de Espa\u00f1a<span class=\"exprt-dot\"><\/span><\/p>\n","protected":false},"author":1,"featured_media":0,"parent":0,"menu_order":0,"comment_status":"closed","ping_status":"closed","template":"","meta":{"spay_email":"","footnotes":""},"class_list":["post-42","page","type-page","status-publish","hentry"],"yoast_head":"<!-- This site is optimized with the Yoast SEO plugin v18.1 - https:\/\/yoast.com\/wordpress\/plugins\/seo\/ -->\n<title>Ponentes - VI Congreso VetDoc Gran Canaria 2022<\/title>\n<meta name=\"robots\" content=\"index, follow, max-snippet:-1, max-image-preview:large, max-video-preview:-1\" \/>\n<link rel=\"canonical\" href=\"https:\/\/vetdoc2022.ulpgc.es\/index.php\/ponentes\/\" \/>\n<meta property=\"og:locale\" content=\"es_ES\" \/>\n<meta property=\"og:type\" content=\"article\" \/>\n<meta property=\"og:title\" content=\"Ponentes - VI Congreso VetDoc Gran Canaria 2022\" \/>\n<meta property=\"og:description\" content=\"Lina M. St\u00fcrmer, Docente de alem\u00e1n. Escuela Oficial de Idiomas Telde (Gran Canaria). Premio Educa Abanca Mejor Docente de Espa\u00f1a\" \/>\n<meta property=\"og:url\" content=\"https:\/\/vetdoc2022.ulpgc.es\/index.php\/ponentes\/\" \/>\n<meta property=\"og:site_name\" content=\"VI Congreso VetDoc Gran Canaria 2022\" \/>\n<meta property=\"article:modified_time\" content=\"2022-04-19T10:56:54+00:00\" \/>\n<meta property=\"og:image\" content=\"https:\/\/vetdoc2022.ulpgc.es\/wp-content\/uploads\/2022\/04\/WhatsApp-Image-2022-04-19-at-11.16.02-AM-588x1024.jpeg\" \/>\n<meta name=\"twitter:card\" content=\"summary_large_image\" \/>\n<meta name=\"twitter:label1\" content=\"Tiempo de lectura\" \/>\n\t<meta name=\"twitter:data1\" content=\"1 minuto\" \/>\n<script type=\"application\/ld+json\" class=\"yoast-schema-graph\">{\"@context\":\"https:\/\/schema.org\",\"@graph\":[{\"@type\":\"Organization\",\"@id\":\"https:\/\/vetdoc2022.ulpgc.es\/#organization\",\"name\":\"VetDoc 2022\",\"url\":\"https:\/\/vetdoc2022.ulpgc.es\/\",\"sameAs\":[],\"logo\":{\"@type\":\"ImageObject\",\"@id\":\"https:\/\/vetdoc2022.ulpgc.es\/#logo\",\"inLanguage\":\"es\",\"url\":\"https:\/\/vetdoc2022.ulpgc.es\/wp-content\/uploads\/2022\/02\/vetdoc-logo-Gran-Canaria-1-scaled.jpg\",\"contentUrl\":\"https:\/\/vetdoc2022.ulpgc.es\/wp-content\/uploads\/2022\/02\/vetdoc-logo-Gran-Canaria-1-scaled.jpg\",\"width\":2560,\"height\":1566,\"caption\":\"VetDoc 2022\"},\"image\":{\"@id\":\"https:\/\/vetdoc2022.ulpgc.es\/#logo\"}},{\"@type\":\"WebSite\",\"@id\":\"https:\/\/vetdoc2022.ulpgc.es\/#website\",\"url\":\"https:\/\/vetdoc2022.ulpgc.es\/\",\"name\":\"VI Congreso VetDoc Gran Canaria 2022\",\"description\":\"8, 9 y 10 de junio 2022\",\"publisher\":{\"@id\":\"https:\/\/vetdoc2022.ulpgc.es\/#organization\"},\"potentialAction\":[{\"@type\":\"SearchAction\",\"target\":{\"@type\":\"EntryPoint\",\"urlTemplate\":\"https:\/\/vetdoc2022.ulpgc.es\/?s={search_term_string}\"},\"query-input\":\"required name=search_term_string\"}],\"inLanguage\":\"es\"},{\"@type\":\"ImageObject\",\"@id\":\"https:\/\/vetdoc2022.ulpgc.es\/index.php\/ponentes\/#primaryimage\",\"inLanguage\":\"es\",\"url\":\"https:\/\/vetdoc2022.ulpgc.es\/wp-content\/uploads\/2022\/04\/WhatsApp-Image-2022-04-19-at-11.16.02-AM.jpeg\",\"contentUrl\":\"https:\/\/vetdoc2022.ulpgc.es\/wp-content\/uploads\/2022\/04\/WhatsApp-Image-2022-04-19-at-11.16.02-AM.jpeg\",\"width\":1080,\"height\":1882},{\"@type\":\"WebPage\",\"@id\":\"https:\/\/vetdoc2022.ulpgc.es\/index.php\/ponentes\/#webpage\",\"url\":\"https:\/\/vetdoc2022.ulpgc.es\/index.php\/ponentes\/\",\"name\":\"Ponentes - VI Congreso VetDoc Gran Canaria 2022\",\"isPartOf\":{\"@id\":\"https:\/\/vetdoc2022.ulpgc.es\/#website\"},\"primaryImageOfPage\":{\"@id\":\"https:\/\/vetdoc2022.ulpgc.es\/index.php\/ponentes\/#primaryimage\"},\"datePublished\":\"2022-02-01T12:58:51+00:00\",\"dateModified\":\"2022-04-19T10:56:54+00:00\",\"breadcrumb\":{\"@id\":\"https:\/\/vetdoc2022.ulpgc.es\/index.php\/ponentes\/#breadcrumb\"},\"inLanguage\":\"es\",\"potentialAction\":[{\"@type\":\"ReadAction\",\"target\":[\"https:\/\/vetdoc2022.ulpgc.es\/index.php\/ponentes\/\"]}]},{\"@type\":\"BreadcrumbList\",\"@id\":\"https:\/\/vetdoc2022.ulpgc.es\/index.php\/ponentes\/#breadcrumb\",\"itemListElement\":[{\"@type\":\"ListItem\",\"position\":1,\"name\":\"Portada\",\"item\":\"https:\/\/vetdoc2022.ulpgc.es\/\"},{\"@type\":\"ListItem\",\"position\":2,\"name\":\"Ponentes\"}]}]}<\/script>\n<!-- \/ Yoast SEO plugin. -->","yoast_head_json":{"title":"Ponentes - VI Congreso VetDoc Gran Canaria 2022","robots":{"index":"index","follow":"follow","max-snippet":"max-snippet:-1","max-image-preview":"max-image-preview:large","max-video-preview":"max-video-preview:-1"},"canonical":"https:\/\/vetdoc2022.ulpgc.es\/index.php\/ponentes\/","og_locale":"es_ES","og_type":"article","og_title":"Ponentes - VI Congreso VetDoc Gran Canaria 2022","og_description":"Lina M. St\u00fcrmer, Docente de alem\u00e1n. Escuela Oficial de Idiomas Telde (Gran Canaria). Premio Educa Abanca Mejor Docente de Espa\u00f1a","og_url":"https:\/\/vetdoc2022.ulpgc.es\/index.php\/ponentes\/","og_site_name":"VI Congreso VetDoc Gran Canaria 2022","article_modified_time":"2022-04-19T10:56:54+00:00","og_image":[{"url":"https:\/\/vetdoc2022.ulpgc.es\/wp-content\/uploads\/2022\/04\/WhatsApp-Image-2022-04-19-at-11.16.02-AM-588x1024.jpeg"}],"twitter_card":"summary_large_image","twitter_misc":{"Tiempo de lectura":"1 minuto"},"schema":{"@context":"https:\/\/schema.org","@graph":[{"@type":"Organization","@id":"https:\/\/vetdoc2022.ulpgc.es\/#organization","name":"VetDoc 2022","url":"https:\/\/vetdoc2022.ulpgc.es\/","sameAs":[],"logo":{"@type":"ImageObject","@id":"https:\/\/vetdoc2022.ulpgc.es\/#logo","inLanguage":"es","url":"https:\/\/vetdoc2022.ulpgc.es\/wp-content\/uploads\/2022\/02\/vetdoc-logo-Gran-Canaria-1-scaled.jpg","contentUrl":"https:\/\/vetdoc2022.ulpgc.es\/wp-content\/uploads\/2022\/02\/vetdoc-logo-Gran-Canaria-1-scaled.jpg","width":2560,"height":1566,"caption":"VetDoc 2022"},"image":{"@id":"https:\/\/vetdoc2022.ulpgc.es\/#logo"}},{"@type":"WebSite","@id":"https:\/\/vetdoc2022.ulpgc.es\/#website","url":"https:\/\/vetdoc2022.ulpgc.es\/","name":"VI Congreso VetDoc Gran Canaria 2022","description":"8, 9 y 10 de junio 2022","publisher":{"@id":"https:\/\/vetdoc2022.ulpgc.es\/#organization"},"potentialAction":[{"@type":"SearchAction","target":{"@type":"EntryPoint","urlTemplate":"https:\/\/vetdoc2022.ulpgc.es\/?s={search_term_string}"},"query-input":"required name=search_term_string"}],"inLanguage":"es"},{"@type":"ImageObject","@id":"https:\/\/vetdoc2022.ulpgc.es\/index.php\/ponentes\/#primaryimage","inLanguage":"es","url":"https:\/\/vetdoc2022.ulpgc.es\/wp-content\/uploads\/2022\/04\/WhatsApp-Image-2022-04-19-at-11.16.02-AM.jpeg","contentUrl":"https:\/\/vetdoc2022.ulpgc.es\/wp-content\/uploads\/2022\/04\/WhatsApp-Image-2022-04-19-at-11.16.02-AM.jpeg","width":1080,"height":1882},{"@type":"WebPage","@id":"https:\/\/vetdoc2022.ulpgc.es\/index.php\/ponentes\/#webpage","url":"https:\/\/vetdoc2022.ulpgc.es\/index.php\/ponentes\/","name":"Ponentes - VI Congreso VetDoc Gran Canaria 2022","isPartOf":{"@id":"https:\/\/vetdoc2022.ulpgc.es\/#website"},"primaryImageOfPage":{"@id":"https:\/\/vetdoc2022.ulpgc.es\/index.php\/ponentes\/#primaryimage"},"datePublished":"2022-02-01T12:58:51+00:00","dateModified":"2022-04-19T10:56:54+00:00","breadcrumb":{"@id":"https:\/\/vetdoc2022.ulpgc.es\/index.php\/ponentes\/#breadcrumb"},"inLanguage":"es","potentialAction":[{"@type":"ReadAction","target":["https:\/\/vetdoc2022.ulpgc.es\/index.php\/ponentes\/"]}]},{"@type":"BreadcrumbList","@id":"https:\/\/vetdoc2022.ulpgc.es\/index.php\/ponentes\/#breadcrumb","itemListElement":[{"@type":"ListItem","position":1,"name":"Portada","item":"https:\/\/vetdoc2022.ulpgc.es\/"},{"@type":"ListItem","position":2,"name":"Ponentes"}]}]}},"_links":{"self":[{"href":"https:\/\/vetdoc2022.ulpgc.es\/index.php\/wp-json\/wp\/v2\/pages\/42","targetHints":{"allow":["GET"]}}],"collection":[{"href":"https:\/\/vetdoc2022.ulpgc.es\/index.php\/wp-json\/wp\/v2\/pages"}],"about":[{"href":"https:\/\/vetdoc2022.ulpgc.es\/index.php\/wp-json\/wp\/v2\/types\/page"}],"author":[{"embeddable":true,"href":"https:\/\/vetdoc2022.ulpgc.es\/index.php\/wp-json\/wp\/v2\/users\/1"}],"replies":[{"embeddable":true,"href":"https:\/\/vetdoc2022.ulpgc.es\/index.php\/wp-json\/wp\/v2\/comments?post=42"}],"version-history":[{"count":6,"href":"https:\/\/vetdoc2022.ulpgc.es\/index.php\/wp-json\/wp\/v2\/pages\/42\/revisions"}],"predecessor-version":[{"id":265,"href":"https:\/\/vetdoc2022.ulpgc.es\/index.php\/wp-json\/wp\/v2\/pages\/42\/revisions\/265"}],"wp:attachment":[{"href":"https:\/\/vetdoc2022.ulpgc.es\/index.php\/wp-json\/wp\/v2\/media?parent=42"}],"curies":[{"name":"wp","href":"https:\/\/api.w.org\/{rel}","templated":true}]}}