{"id":41,"date":"2022-02-01T12:58:51","date_gmt":"2022-02-01T12:58:51","guid":{"rendered":"https:\/\/vetdoc2022.ulpgc.es\/?page_id=41"},"modified":"2022-06-07T21:49:10","modified_gmt":"2022-06-07T21:49:10","slug":"programa","status":"publish","type":"page","link":"https:\/\/vetdoc2022.ulpgc.es\/index.php\/programa\/","title":{"rendered":"Programa"},"content":{"rendered":"\n<p>Sede:  Facultad de Veterinaria de la Universidad de Las Palmas de Gran Canaria.<\/p>\n\n\n\n<figure class=\"wp-block-table is-style-stripes\"><table><tbody><tr><td><strong>D\u00cdA<\/strong><\/td><td><strong>HORARIO<\/strong><\/td><td><\/td><\/tr><tr><td><strong>08\/06\/2022<\/strong><\/td><td>9:00 a 10:00<\/td><td>Registro y entrega de documentaci\u00f3n<\/td><\/tr><tr><td><\/td><td>10:00 a 10:30<\/td><td>Acto oficial de inauguraci\u00f3n<\/td><\/tr><tr><td><\/td><td>10:30 a 11:30<\/td><td>1\u00aa Sesi\u00f3n de Presentaci\u00f3n de P\u00f3steres<\/td><\/tr><tr><td><\/td><td>11:30 a 12:00<\/td><td>Pausa de caf\u00e9<\/td><\/tr><tr><td><\/td><td>12:00 a 13:30<\/td><td>2\u00aa Sesi\u00f3n de Presentaci\u00f3n de P\u00f3steres<\/td><\/tr><tr><td><\/td><td>13:30 a 15:00<\/td><td>Almuerzo en la Facultad de Veterinaria ULPGC<\/td><\/tr><tr><td><\/td><td>15:00 a 16:00<\/td><td>3\u00aa Sesi\u00f3n de Presentaci\u00f3n de P\u00f3steres<\/td><\/tr><tr><td><\/td><td>16:00 a 17:00<\/td><td>Conferencia magistral. Antonio Gabriel Ravelo Garc\u00eda. Departamento de Se\u00f1ales y Comunicaciones. ULPGC<\/td><\/tr><tr><td><\/td><td>17:00 a 17:30<\/td><td>Pausa de caf\u00e9<\/td><\/tr><tr><td><\/td><td>17:30 a 18:30<\/td><td>Asamblea general de socios<\/td><\/tr><tr><td><\/td><td>18:30<\/td><td>Transporte de vuelta a Las Palmas de Gran Canaria<\/td><\/tr><tr><td><strong>09\/06\/2022<\/strong><\/td><td><\/td><td><\/td><\/tr><tr><td><\/td><td>9:30-10:30<\/td><td>4\u00aa Sesi\u00f3n de Presentaci\u00f3n de P\u00f3steres<\/td><\/tr><tr><td><\/td><td>10:30 a 11:30<\/td><td>Conferencia magistral \u201cLos beneficios de la Multimetodolog\u00eda\u201d<br>Lina M. St\u00fcrmer, Docente de alem\u00e1n. Escuela Oficial de Idiomas Telde (Gran Canaria). Premio Educa Abanca Mejor Docente de Espa\u00f1a 2021 (Educaci\u00f3n No Formal).<\/td><\/tr><tr><td><\/td><td>11:30 a 12:00<\/td><td>Pausa de caf\u00e9<\/td><\/tr><tr><td><\/td><td>12:00 a 13:30<\/td><td>5\u00aa Sesi\u00f3n de Presentaci\u00f3n de P\u00f3steres<\/td><\/tr><tr><td><\/td><td>13:30<\/td><td>Transporte de vuelta a Las Palmas de Gran Canaria<\/td><\/tr><tr><td><\/td><td><strong>18:30 a 20:00<\/strong><\/td><td><strong>Visita guiada cultural casco hist\u00f3rico Las Palmas de Gran Canaria<\/strong><\/td><\/tr><tr><td><\/td><td><strong>20:30<\/strong><\/td><td><strong>Cena de Gala &#8211; casco hist\u00f3rico Las Palmas de Gran Canaria<\/strong><\/td><\/tr><tr><td><strong>10\/06\/2022<\/strong><\/td><td><\/td><td><\/td><\/tr><tr><td><\/td><td>9:30-11:00<\/td><td>6\u00aa Sesi\u00f3n de Presentaci\u00f3n de P\u00f3steres<\/td><\/tr><tr><td><\/td><td>11:00 a 11:30<\/td><td>Pausa caf\u00e9<\/td><\/tr><tr><td><\/td><td>11:30 a 12:30<\/td><td>7\u00aa Sesi\u00f3n de Presentaci\u00f3n de P\u00f3steres<\/td><\/tr><tr><td><\/td><td>12:30 a 13:30<\/td><td>Conferencia magistral \u201cRetos de la Universidad para la pr\u00f3xima d\u00e9cada\u201d. D. Jos\u00e9 Carlos G\u00f3mez Villamandos, Rector de la Universidad de C\u00f3rdoba, Presidente Conferencia de Rectores de las Universidades Espa\u00f1olas<\/td><\/tr><tr><td><\/td><td>13:30<\/td><td>Transporte de vuelta a Las Palmas de Gran Canaria<\/td><\/tr><\/tbody><\/table><\/figure>\n","protected":false},"excerpt":{"rendered":"<p>Sede: Facultad de Veterinaria de la Universidad de Las Palmas de Gran Canaria. D\u00cdA HORARIO 08\/06\/2022 9:00 a 10:00 Registro<span class=\"exprt-dot\"><\/span><\/p>\n","protected":false},"author":1,"featured_media":0,"parent":0,"menu_order":0,"comment_status":"closed","ping_status":"closed","template":"","meta":{"spay_email":"","footnotes":""},"class_list":["post-41","page","type-page","status-publish","hentry"],"yoast_head":"<!-- This site is optimized with the Yoast SEO plugin v18.1 - https:\/\/yoast.com\/wordpress\/plugins\/seo\/ -->\n<title>Programa - VI Congreso VetDoc Gran Canaria 2022<\/title>\n<meta name=\"robots\" content=\"index, follow, max-snippet:-1, max-image-preview:large, max-video-preview:-1\" \/>\n<link rel=\"canonical\" href=\"https:\/\/vetdoc2022.ulpgc.es\/index.php\/programa\/\" \/>\n<meta property=\"og:locale\" content=\"es_ES\" \/>\n<meta property=\"og:type\" content=\"article\" \/>\n<meta property=\"og:title\" content=\"Programa - VI Congreso VetDoc Gran Canaria 2022\" \/>\n<meta property=\"og:description\" content=\"Sede: Facultad de Veterinaria de la Universidad de Las Palmas de Gran Canaria. D\u00cdA HORARIO 08\/06\/2022 9:00 a 10:00 Registro\" \/>\n<meta property=\"og:url\" content=\"https:\/\/vetdoc2022.ulpgc.es\/index.php\/programa\/\" \/>\n<meta property=\"og:site_name\" content=\"VI Congreso VetDoc Gran Canaria 2022\" \/>\n<meta property=\"article:modified_time\" content=\"2022-06-07T21:49:10+00:00\" \/>\n<meta name=\"twitter:card\" content=\"summary_large_image\" \/>\n<meta name=\"twitter:label1\" content=\"Tiempo de lectura\" \/>\n\t<meta name=\"twitter:data1\" content=\"2 minutos\" \/>\n<script type=\"application\/ld+json\" class=\"yoast-schema-graph\">{\"@context\":\"https:\/\/schema.org\",\"@graph\":[{\"@type\":\"Organization\",\"@id\":\"https:\/\/vetdoc2022.ulpgc.es\/#organization\",\"name\":\"VetDoc 2022\",\"url\":\"https:\/\/vetdoc2022.ulpgc.es\/\",\"sameAs\":[],\"logo\":{\"@type\":\"ImageObject\",\"@id\":\"https:\/\/vetdoc2022.ulpgc.es\/#logo\",\"inLanguage\":\"es\",\"url\":\"https:\/\/vetdoc2022.ulpgc.es\/wp-content\/uploads\/2022\/02\/vetdoc-logo-Gran-Canaria-1-scaled.jpg\",\"contentUrl\":\"https:\/\/vetdoc2022.ulpgc.es\/wp-content\/uploads\/2022\/02\/vetdoc-logo-Gran-Canaria-1-scaled.jpg\",\"width\":2560,\"height\":1566,\"caption\":\"VetDoc 2022\"},\"image\":{\"@id\":\"https:\/\/vetdoc2022.ulpgc.es\/#logo\"}},{\"@type\":\"WebSite\",\"@id\":\"https:\/\/vetdoc2022.ulpgc.es\/#website\",\"url\":\"https:\/\/vetdoc2022.ulpgc.es\/\",\"name\":\"VI Congreso VetDoc Gran Canaria 2022\",\"description\":\"8, 9 y 10 de junio 2022\",\"publisher\":{\"@id\":\"https:\/\/vetdoc2022.ulpgc.es\/#organization\"},\"potentialAction\":[{\"@type\":\"SearchAction\",\"target\":{\"@type\":\"EntryPoint\",\"urlTemplate\":\"https:\/\/vetdoc2022.ulpgc.es\/?s={search_term_string}\"},\"query-input\":\"required name=search_term_string\"}],\"inLanguage\":\"es\"},{\"@type\":\"WebPage\",\"@id\":\"https:\/\/vetdoc2022.ulpgc.es\/index.php\/programa\/#webpage\",\"url\":\"https:\/\/vetdoc2022.ulpgc.es\/index.php\/programa\/\",\"name\":\"Programa - VI Congreso VetDoc Gran Canaria 2022\",\"isPartOf\":{\"@id\":\"https:\/\/vetdoc2022.ulpgc.es\/#website\"},\"datePublished\":\"2022-02-01T12:58:51+00:00\",\"dateModified\":\"2022-06-07T21:49:10+00:00\",\"breadcrumb\":{\"@id\":\"https:\/\/vetdoc2022.ulpgc.es\/index.php\/programa\/#breadcrumb\"},\"inLanguage\":\"es\",\"potentialAction\":[{\"@type\":\"ReadAction\",\"target\":[\"https:\/\/vetdoc2022.ulpgc.es\/index.php\/programa\/\"]}]},{\"@type\":\"BreadcrumbList\",\"@id\":\"https:\/\/vetdoc2022.ulpgc.es\/index.php\/programa\/#breadcrumb\",\"itemListElement\":[{\"@type\":\"ListItem\",\"position\":1,\"name\":\"Portada\",\"item\":\"https:\/\/vetdoc2022.ulpgc.es\/\"},{\"@type\":\"ListItem\",\"position\":2,\"name\":\"Programa\"}]}]}<\/script>\n<!-- \/ Yoast SEO plugin. -->","yoast_head_json":{"title":"Programa - VI Congreso VetDoc Gran Canaria 2022","robots":{"index":"index","follow":"follow","max-snippet":"max-snippet:-1","max-image-preview":"max-image-preview:large","max-video-preview":"max-video-preview:-1"},"canonical":"https:\/\/vetdoc2022.ulpgc.es\/index.php\/programa\/","og_locale":"es_ES","og_type":"article","og_title":"Programa - VI Congreso VetDoc Gran Canaria 2022","og_description":"Sede: Facultad de Veterinaria de la Universidad de Las Palmas de Gran Canaria. D\u00cdA HORARIO 08\/06\/2022 9:00 a 10:00 Registro","og_url":"https:\/\/vetdoc2022.ulpgc.es\/index.php\/programa\/","og_site_name":"VI Congreso VetDoc Gran Canaria 2022","article_modified_time":"2022-06-07T21:49:10+00:00","twitter_card":"summary_large_image","twitter_misc":{"Tiempo de lectura":"2 minutos"},"schema":{"@context":"https:\/\/schema.org","@graph":[{"@type":"Organization","@id":"https:\/\/vetdoc2022.ulpgc.es\/#organization","name":"VetDoc 2022","url":"https:\/\/vetdoc2022.ulpgc.es\/","sameAs":[],"logo":{"@type":"ImageObject","@id":"https:\/\/vetdoc2022.ulpgc.es\/#logo","inLanguage":"es","url":"https:\/\/vetdoc2022.ulpgc.es\/wp-content\/uploads\/2022\/02\/vetdoc-logo-Gran-Canaria-1-scaled.jpg","contentUrl":"https:\/\/vetdoc2022.ulpgc.es\/wp-content\/uploads\/2022\/02\/vetdoc-logo-Gran-Canaria-1-scaled.jpg","width":2560,"height":1566,"caption":"VetDoc 2022"},"image":{"@id":"https:\/\/vetdoc2022.ulpgc.es\/#logo"}},{"@type":"WebSite","@id":"https:\/\/vetdoc2022.ulpgc.es\/#website","url":"https:\/\/vetdoc2022.ulpgc.es\/","name":"VI Congreso VetDoc Gran Canaria 2022","description":"8, 9 y 10 de junio 2022","publisher":{"@id":"https:\/\/vetdoc2022.ulpgc.es\/#organization"},"potentialAction":[{"@type":"SearchAction","target":{"@type":"EntryPoint","urlTemplate":"https:\/\/vetdoc2022.ulpgc.es\/?s={search_term_string}"},"query-input":"required name=search_term_string"}],"inLanguage":"es"},{"@type":"WebPage","@id":"https:\/\/vetdoc2022.ulpgc.es\/index.php\/programa\/#webpage","url":"https:\/\/vetdoc2022.ulpgc.es\/index.php\/programa\/","name":"Programa - VI Congreso VetDoc Gran Canaria 2022","isPartOf":{"@id":"https:\/\/vetdoc2022.ulpgc.es\/#website"},"datePublished":"2022-02-01T12:58:51+00:00","dateModified":"2022-06-07T21:49:10+00:00","breadcrumb":{"@id":"https:\/\/vetdoc2022.ulpgc.es\/index.php\/programa\/#breadcrumb"},"inLanguage":"es","potentialAction":[{"@type":"ReadAction","target":["https:\/\/vetdoc2022.ulpgc.es\/index.php\/programa\/"]}]},{"@type":"BreadcrumbList","@id":"https:\/\/vetdoc2022.ulpgc.es\/index.php\/programa\/#breadcrumb","itemListElement":[{"@type":"ListItem","position":1,"name":"Portada","item":"https:\/\/vetdoc2022.ulpgc.es\/"},{"@type":"ListItem","position":2,"name":"Programa"}]}]}},"_links":{"self":[{"href":"https:\/\/vetdoc2022.ulpgc.es\/index.php\/wp-json\/wp\/v2\/pages\/41","targetHints":{"allow":["GET"]}}],"collection":[{"href":"https:\/\/vetdoc2022.ulpgc.es\/index.php\/wp-json\/wp\/v2\/pages"}],"about":[{"href":"https:\/\/vetdoc2022.ulpgc.es\/index.php\/wp-json\/wp\/v2\/types\/page"}],"author":[{"embeddable":true,"href":"https:\/\/vetdoc2022.ulpgc.es\/index.php\/wp-json\/wp\/v2\/users\/1"}],"replies":[{"embeddable":true,"href":"https:\/\/vetdoc2022.ulpgc.es\/index.php\/wp-json\/wp\/v2\/comments?post=41"}],"version-history":[{"count":15,"href":"https:\/\/vetdoc2022.ulpgc.es\/index.php\/wp-json\/wp\/v2\/pages\/41\/revisions"}],"predecessor-version":[{"id":365,"href":"https:\/\/vetdoc2022.ulpgc.es\/index.php\/wp-json\/wp\/v2\/pages\/41\/revisions\/365"}],"wp:attachment":[{"href":"https:\/\/vetdoc2022.ulpgc.es\/index.php\/wp-json\/wp\/v2\/media?parent=41"}],"curies":[{"name":"wp","href":"https:\/\/api.w.org\/{rel}","templated":true}]}}