{"id":34,"date":"2022-02-01T12:31:22","date_gmt":"2022-02-01T12:31:22","guid":{"rendered":"https:\/\/vetdoc2022.ulpgc.es\/?page_id=34"},"modified":"2022-04-18T09:17:27","modified_gmt":"2022-04-18T09:17:27","slug":"comites","status":"publish","type":"page","link":"https:\/\/vetdoc2022.ulpgc.es\/index.php\/comites\/","title":{"rendered":"Comit\u00e9s"},"content":{"rendered":"\n<p><strong>Comit\u00e9 de honor<\/strong><\/p>\n\n\n\n<p><\/p>\n\n\n\n<figure class=\"wp-block-table is-style-stripes\"><table><tbody><tr><td>Excmo. Sr. Rector Mgfco. de la Universidad de Las Palmas de Gran Canaria<\/td><\/tr><tr><td>Sr. Decano de la Facultad de Veterinaria de Las Palmas de Gran Canaria<\/td><\/tr><tr><td>Sr. Presidente del Colegio de Veterinarios de Las Palmas<\/td><\/tr><\/tbody><\/table><\/figure>\n\n\n\n<p><\/p>\n\n\n\n<p><\/p>\n\n\n\n<hr class=\"wp-block-separator\"\/>\n\n\n\n<p><strong>Comit\u00e9 organizador <\/strong><\/p>\n\n\n\n<figure class=\"wp-block-table is-style-stripes\"><table><tbody><tr><td><strong>Presidenta<\/strong><\/td><td>Ana Sof\u00eda Ram\u00edrez Corbera (ULPGC)<\/td><\/tr><tr><td><strong>Vicepresidentes<\/strong><\/td><td>Jos\u00e9 Radu\u00e1n J\u00e1ber Mahamad (ULPGC)<br>Rub\u00e9n Sebasti\u00e1n Rosales Santana (ULPGC)<\/td><\/tr><tr><td><strong>Secretaria<\/strong><\/td><td>Eligia Rodr\u00edguez Ponce (ULPGC)<\/td><\/tr><tr><td><strong>Vocales<\/strong><\/td><td>Antonio Ruiz Reyes (ULPGC)<br>Magnolia Mar\u00eda Conde de Felipe (ULPGC)<br>Manuel Luis Zumbado Pe\u00f1a (ULPGC)<br>Lorenzo Enrique Hern\u00e1ndez Castellano (ULPGC)<br>Marisa Ana Andrada Borzolino (ULPGC)<br>Elena Carret\u00f3n G\u00f3mez (ULPGC)<br>Conrado Javier Carrascosa Iruzubieta (ULPGC)<\/td><\/tr><\/tbody><\/table><\/figure>\n\n\n\n<p><strong>Comit\u00e9 cient\u00edfico<\/strong><\/p>\n\n\n\n<figure class=\"wp-block-table is-style-stripes\"><table><tbody><tr><td><strong>Presidenta<\/strong><\/td><td>Ana Sof\u00eda Ram\u00edrez Corbera (ULPGC)<\/td><\/tr><tr><td><strong>Vicepresidentes<\/strong><\/td><td>Jos\u00e9 Radu\u00e1n J\u00e1ber Mahamad (ULPGC)<br>Rub\u00e9n Sebasti\u00e1n Rosales Santana (ULPGC)<\/td><\/tr><tr><td><strong>Secretario<\/strong><\/td><td>Antonio Ruiz Reyes (ULPGC)<\/td><\/tr><tr><td><strong>Miembros del comit\u00e9<\/strong><\/td><td>Eligia Rodr\u00edguez Ponce (ULPGC)<br>Magnolia Mar\u00eda Conde de Felipe (ULPGC)<br>Manuel Luis Zumbado Pe\u00f1a (ULPGC)<br>Lorenzo Enrique Hern\u00e1ndez Castellano (ULPGC)<br>Marisa Ana Andrada Borzolino (ULPGC)<br>Elena Carret\u00f3n G\u00f3mez (ULPGC)<br>Conrado Javier Carrascosa Iruzubieta (ULPGC)<br>Alejandro Su\u00e1rez P\u00e9rez (ULPGC)<br>Cristina Castillo Rodr\u00edguez (Universidad de Santiago de Compostela)<br>Joaqu\u00edn Hern\u00e1ndez Berm\u00fadez (Universidad de Santiago de Compostela)<br>Juan Sotillo Mesanza (Universidad de Murcia)<br>Estrella Ag\u00fcera Buend\u00eda (Universidad de C\u00f3rdoba)<br>\u00c1ngel Abuelo Sebio\u00a0(Michigan State University, EEUU)<br>Teresa Encinas Cerezo (Universidad Complutense de Madrid)<br>Marta Elena Alonso de la Varga (Universidad de Le\u00f3n)<br>Jos\u00e9 Ramiro Gonz\u00e1lez Monta\u00f1a (Universidad de Le\u00f3n)<br>Juan Manuel Lomillos P\u00e9rez (Universidad CEU Cardenal Herrera)\u00a0<br>Ana Muniesa del Campo (Universidad de Zaragoza)<\/td><\/tr><\/tbody><\/table><\/figure>\n","protected":false},"excerpt":{"rendered":"<p>Comit\u00e9 de honor Excmo. Sr. Rector Mgfco. de la Universidad de Las Palmas de Gran Canaria Sr. Decano de la<span class=\"exprt-dot\"><\/span><\/p>\n","protected":false},"author":1,"featured_media":0,"parent":0,"menu_order":0,"comment_status":"closed","ping_status":"closed","template":"","meta":{"spay_email":"","footnotes":""},"class_list":["post-34","page","type-page","status-publish","hentry"],"yoast_head":"<!-- This site is optimized with the Yoast SEO plugin v18.1 - https:\/\/yoast.com\/wordpress\/plugins\/seo\/ -->\n<title>Comit\u00e9s - VI Congreso VetDoc Gran Canaria 2022<\/title>\n<meta name=\"robots\" content=\"index, follow, max-snippet:-1, max-image-preview:large, max-video-preview:-1\" \/>\n<link rel=\"canonical\" href=\"https:\/\/vetdoc2022.ulpgc.es\/index.php\/comites\/\" \/>\n<meta property=\"og:locale\" content=\"es_ES\" \/>\n<meta property=\"og:type\" content=\"article\" \/>\n<meta property=\"og:title\" content=\"Comit\u00e9s - VI Congreso VetDoc Gran Canaria 2022\" \/>\n<meta property=\"og:description\" content=\"Comit\u00e9 de honor Excmo. Sr. Rector Mgfco. de la Universidad de Las Palmas de Gran Canaria Sr. Decano de la\" \/>\n<meta property=\"og:url\" content=\"https:\/\/vetdoc2022.ulpgc.es\/index.php\/comites\/\" \/>\n<meta property=\"og:site_name\" content=\"VI Congreso VetDoc Gran Canaria 2022\" \/>\n<meta property=\"article:modified_time\" content=\"2022-04-18T09:17:27+00:00\" \/>\n<meta name=\"twitter:card\" content=\"summary_large_image\" \/>\n<meta name=\"twitter:label1\" content=\"Tiempo de lectura\" \/>\n\t<meta name=\"twitter:data1\" content=\"2 minutos\" \/>\n<script type=\"application\/ld+json\" class=\"yoast-schema-graph\">{\"@context\":\"https:\/\/schema.org\",\"@graph\":[{\"@type\":\"Organization\",\"@id\":\"https:\/\/vetdoc2022.ulpgc.es\/#organization\",\"name\":\"VetDoc 2022\",\"url\":\"https:\/\/vetdoc2022.ulpgc.es\/\",\"sameAs\":[],\"logo\":{\"@type\":\"ImageObject\",\"@id\":\"https:\/\/vetdoc2022.ulpgc.es\/#logo\",\"inLanguage\":\"es\",\"url\":\"https:\/\/vetdoc2022.ulpgc.es\/wp-content\/uploads\/2022\/02\/vetdoc-logo-Gran-Canaria-1-scaled.jpg\",\"contentUrl\":\"https:\/\/vetdoc2022.ulpgc.es\/wp-content\/uploads\/2022\/02\/vetdoc-logo-Gran-Canaria-1-scaled.jpg\",\"width\":2560,\"height\":1566,\"caption\":\"VetDoc 2022\"},\"image\":{\"@id\":\"https:\/\/vetdoc2022.ulpgc.es\/#logo\"}},{\"@type\":\"WebSite\",\"@id\":\"https:\/\/vetdoc2022.ulpgc.es\/#website\",\"url\":\"https:\/\/vetdoc2022.ulpgc.es\/\",\"name\":\"VI Congreso VetDoc Gran Canaria 2022\",\"description\":\"8, 9 y 10 de junio 2022\",\"publisher\":{\"@id\":\"https:\/\/vetdoc2022.ulpgc.es\/#organization\"},\"potentialAction\":[{\"@type\":\"SearchAction\",\"target\":{\"@type\":\"EntryPoint\",\"urlTemplate\":\"https:\/\/vetdoc2022.ulpgc.es\/?s={search_term_string}\"},\"query-input\":\"required name=search_term_string\"}],\"inLanguage\":\"es\"},{\"@type\":\"WebPage\",\"@id\":\"https:\/\/vetdoc2022.ulpgc.es\/index.php\/comites\/#webpage\",\"url\":\"https:\/\/vetdoc2022.ulpgc.es\/index.php\/comites\/\",\"name\":\"Comit\u00e9s - VI Congreso VetDoc Gran Canaria 2022\",\"isPartOf\":{\"@id\":\"https:\/\/vetdoc2022.ulpgc.es\/#website\"},\"datePublished\":\"2022-02-01T12:31:22+00:00\",\"dateModified\":\"2022-04-18T09:17:27+00:00\",\"breadcrumb\":{\"@id\":\"https:\/\/vetdoc2022.ulpgc.es\/index.php\/comites\/#breadcrumb\"},\"inLanguage\":\"es\",\"potentialAction\":[{\"@type\":\"ReadAction\",\"target\":[\"https:\/\/vetdoc2022.ulpgc.es\/index.php\/comites\/\"]}]},{\"@type\":\"BreadcrumbList\",\"@id\":\"https:\/\/vetdoc2022.ulpgc.es\/index.php\/comites\/#breadcrumb\",\"itemListElement\":[{\"@type\":\"ListItem\",\"position\":1,\"name\":\"Portada\",\"item\":\"https:\/\/vetdoc2022.ulpgc.es\/\"},{\"@type\":\"ListItem\",\"position\":2,\"name\":\"Comit\u00e9s\"}]}]}<\/script>\n<!-- \/ Yoast SEO plugin. -->","yoast_head_json":{"title":"Comit\u00e9s - VI Congreso VetDoc Gran Canaria 2022","robots":{"index":"index","follow":"follow","max-snippet":"max-snippet:-1","max-image-preview":"max-image-preview:large","max-video-preview":"max-video-preview:-1"},"canonical":"https:\/\/vetdoc2022.ulpgc.es\/index.php\/comites\/","og_locale":"es_ES","og_type":"article","og_title":"Comit\u00e9s - VI Congreso VetDoc Gran Canaria 2022","og_description":"Comit\u00e9 de honor Excmo. Sr. Rector Mgfco. de la Universidad de Las Palmas de Gran Canaria Sr. Decano de la","og_url":"https:\/\/vetdoc2022.ulpgc.es\/index.php\/comites\/","og_site_name":"VI Congreso VetDoc Gran Canaria 2022","article_modified_time":"2022-04-18T09:17:27+00:00","twitter_card":"summary_large_image","twitter_misc":{"Tiempo de lectura":"2 minutos"},"schema":{"@context":"https:\/\/schema.org","@graph":[{"@type":"Organization","@id":"https:\/\/vetdoc2022.ulpgc.es\/#organization","name":"VetDoc 2022","url":"https:\/\/vetdoc2022.ulpgc.es\/","sameAs":[],"logo":{"@type":"ImageObject","@id":"https:\/\/vetdoc2022.ulpgc.es\/#logo","inLanguage":"es","url":"https:\/\/vetdoc2022.ulpgc.es\/wp-content\/uploads\/2022\/02\/vetdoc-logo-Gran-Canaria-1-scaled.jpg","contentUrl":"https:\/\/vetdoc2022.ulpgc.es\/wp-content\/uploads\/2022\/02\/vetdoc-logo-Gran-Canaria-1-scaled.jpg","width":2560,"height":1566,"caption":"VetDoc 2022"},"image":{"@id":"https:\/\/vetdoc2022.ulpgc.es\/#logo"}},{"@type":"WebSite","@id":"https:\/\/vetdoc2022.ulpgc.es\/#website","url":"https:\/\/vetdoc2022.ulpgc.es\/","name":"VI Congreso VetDoc Gran Canaria 2022","description":"8, 9 y 10 de junio 2022","publisher":{"@id":"https:\/\/vetdoc2022.ulpgc.es\/#organization"},"potentialAction":[{"@type":"SearchAction","target":{"@type":"EntryPoint","urlTemplate":"https:\/\/vetdoc2022.ulpgc.es\/?s={search_term_string}"},"query-input":"required name=search_term_string"}],"inLanguage":"es"},{"@type":"WebPage","@id":"https:\/\/vetdoc2022.ulpgc.es\/index.php\/comites\/#webpage","url":"https:\/\/vetdoc2022.ulpgc.es\/index.php\/comites\/","name":"Comit\u00e9s - VI Congreso VetDoc Gran Canaria 2022","isPartOf":{"@id":"https:\/\/vetdoc2022.ulpgc.es\/#website"},"datePublished":"2022-02-01T12:31:22+00:00","dateModified":"2022-04-18T09:17:27+00:00","breadcrumb":{"@id":"https:\/\/vetdoc2022.ulpgc.es\/index.php\/comites\/#breadcrumb"},"inLanguage":"es","potentialAction":[{"@type":"ReadAction","target":["https:\/\/vetdoc2022.ulpgc.es\/index.php\/comites\/"]}]},{"@type":"BreadcrumbList","@id":"https:\/\/vetdoc2022.ulpgc.es\/index.php\/comites\/#breadcrumb","itemListElement":[{"@type":"ListItem","position":1,"name":"Portada","item":"https:\/\/vetdoc2022.ulpgc.es\/"},{"@type":"ListItem","position":2,"name":"Comit\u00e9s"}]}]}},"_links":{"self":[{"href":"https:\/\/vetdoc2022.ulpgc.es\/index.php\/wp-json\/wp\/v2\/pages\/34","targetHints":{"allow":["GET"]}}],"collection":[{"href":"https:\/\/vetdoc2022.ulpgc.es\/index.php\/wp-json\/wp\/v2\/pages"}],"about":[{"href":"https:\/\/vetdoc2022.ulpgc.es\/index.php\/wp-json\/wp\/v2\/types\/page"}],"author":[{"embeddable":true,"href":"https:\/\/vetdoc2022.ulpgc.es\/index.php\/wp-json\/wp\/v2\/users\/1"}],"replies":[{"embeddable":true,"href":"https:\/\/vetdoc2022.ulpgc.es\/index.php\/wp-json\/wp\/v2\/comments?post=34"}],"version-history":[{"count":11,"href":"https:\/\/vetdoc2022.ulpgc.es\/index.php\/wp-json\/wp\/v2\/pages\/34\/revisions"}],"predecessor-version":[{"id":252,"href":"https:\/\/vetdoc2022.ulpgc.es\/index.php\/wp-json\/wp\/v2\/pages\/34\/revisions\/252"}],"wp:attachment":[{"href":"https:\/\/vetdoc2022.ulpgc.es\/index.php\/wp-json\/wp\/v2\/media?parent=34"}],"curies":[{"name":"wp","href":"https:\/\/api.w.org\/{rel}","templated":true}]}}