{"id":2,"date":"2022-02-01T11:06:52","date_gmt":"2022-02-01T11:06:52","guid":{"rendered":"https:\/\/vetdoc2022.ulpgc.es\/?page_id=2"},"modified":"2022-06-10T08:52:08","modified_gmt":"2022-06-10T08:52:08","slug":"sample-page","status":"publish","type":"page","link":"https:\/\/vetdoc2022.ulpgc.es\/","title":{"rendered":"Bienvenidos"},"content":{"rendered":"\n<figure class=\"wp-block-image size-large is-style-default\"><img loading=\"lazy\" decoding=\"async\" width=\"1024\" height=\"480\" src=\"https:\/\/vetdoc2022.ulpgc.es\/wp-content\/uploads\/2022\/06\/foto-de-grupo-VetDoc2022-1024x480.jpeg\" alt=\"\" class=\"wp-image-505\" srcset=\"https:\/\/vetdoc2022.ulpgc.es\/wp-content\/uploads\/2022\/06\/foto-de-grupo-VetDoc2022-1024x480.jpeg 1024w, https:\/\/vetdoc2022.ulpgc.es\/wp-content\/uploads\/2022\/06\/foto-de-grupo-VetDoc2022-300x141.jpeg 300w, https:\/\/vetdoc2022.ulpgc.es\/wp-content\/uploads\/2022\/06\/foto-de-grupo-VetDoc2022-768x360.jpeg 768w, https:\/\/vetdoc2022.ulpgc.es\/wp-content\/uploads\/2022\/06\/foto-de-grupo-VetDoc2022-1536x720.jpeg 1536w, https:\/\/vetdoc2022.ulpgc.es\/wp-content\/uploads\/2022\/06\/foto-de-grupo-VetDoc2022.jpeg 1957w\" sizes=\"auto, (max-width: 1024px) 100vw, 1024px\" \/><\/figure>\n\n\n\n<p><strong>NOTICIAS<\/strong><\/p>\n\n\n<ul class=\"wp-block-latest-posts__list wp-block-latest-posts\"><li><a class=\"wp-block-latest-posts__post-title\" href=\"https:\/\/vetdoc2022.ulpgc.es\/index.php\/2022\/06\/09\/cena-de-gala\/\">Cena de gala<\/a><\/li>\n<li><a class=\"wp-block-latest-posts__post-title\" href=\"https:\/\/vetdoc2022.ulpgc.es\/index.php\/2022\/06\/09\/actividad-social-visita-guiada\/\">Actividad social &#8211; visita guiada<\/a><\/li>\n<li><a class=\"wp-block-latest-posts__post-title\" href=\"https:\/\/vetdoc2022.ulpgc.es\/index.php\/2022\/06\/08\/acceso-wifi-ulpgc\/\">Acceso WiFi ULPGC<\/a><\/li>\n<li><a class=\"wp-block-latest-posts__post-title\" href=\"https:\/\/vetdoc2022.ulpgc.es\/index.php\/2022\/06\/07\/programa-vi-congreso-vetdoc\/\">Programa VI Congreso VetDoc<\/a><\/li>\n<li><a class=\"wp-block-latest-posts__post-title\" href=\"https:\/\/vetdoc2022.ulpgc.es\/index.php\/2022\/06\/06\/paradas-servicio-de-transporte\/\">Paradas servicio de transporte &#8211; Actualizado<\/a><\/li>\n<\/ul>\n\n<div class=\"wp-block-image\">\n<figure class=\"aligncenter size-large is-resized\"><img loading=\"lazy\" decoding=\"async\" src=\"https:\/\/vetdoc2022.ulpgc.es\/wp-content\/uploads\/2022\/02\/vetdoc-logo-Gran-Canaria-1-1024x626.jpg\" alt=\"\" class=\"wp-image-115\" width=\"440\" height=\"270\" srcset=\"https:\/\/vetdoc2022.ulpgc.es\/wp-content\/uploads\/2022\/02\/vetdoc-logo-Gran-Canaria-1-1024x626.jpg 1024w, https:\/\/vetdoc2022.ulpgc.es\/wp-content\/uploads\/2022\/02\/vetdoc-logo-Gran-Canaria-1-300x183.jpg 300w, https:\/\/vetdoc2022.ulpgc.es\/wp-content\/uploads\/2022\/02\/vetdoc-logo-Gran-Canaria-1-768x470.jpg 768w, https:\/\/vetdoc2022.ulpgc.es\/wp-content\/uploads\/2022\/02\/vetdoc-logo-Gran-Canaria-1-1536x939.jpg 1536w, https:\/\/vetdoc2022.ulpgc.es\/wp-content\/uploads\/2022\/02\/vetdoc-logo-Gran-Canaria-1-2048x1253.jpg 2048w, https:\/\/vetdoc2022.ulpgc.es\/wp-content\/uploads\/2022\/02\/vetdoc-logo-Gran-Canaria-1-490x300.jpg 490w\" sizes=\"auto, (max-width: 440px) 100vw, 440px\" \/><\/figure>\n<\/div>\n\n\n<hr class=\"wp-block-separator has-css-opacity\"\/>\n\n\n\n<p class=\"has-black-color has-text-color\">Estimados compa\u00f1eros:<\/p>\n\n\n\n<p class=\"has-text-align-justify\">La Asociaci\u00f3n Espa\u00f1ola de Veterinarios Docentes y el Comit\u00e9 Organizador tiene el placer de invitarles al VI Congreso VetDoc de Docencia Veterinaria a celebrar en Gran Canaria durante los d\u00edas <strong>8, 9 y 10 de junio de 2022<\/strong>.<\/p>\n\n\n\n<p class=\"has-text-align-justify\">La Facultad de Veterinaria de la Universidad de Las Palmas de Gran Canaria ha sido honrada de acoger esta nueva edici\u00f3n del congreso bianual de nuestra asociaci\u00f3n.<\/p>\n\n\n\n<p>En esta web podr\u00e1n encontrar informaci\u00f3n relevante sobre el congreso. <\/p>\n\n\n\n<p>Esperamos verlos pronto.<\/p>\n\n\n\n<p>Atentamente, <\/p>\n\n\n\n<p><strong>Comit\u00e9 organizador VetDoc Gran Canaria 2022<\/strong><\/p>\n\n\n\n<div class=\"wp-block-columns is-layout-flex wp-container-core-columns-is-layout-9d6595d7 wp-block-columns-is-layout-flex\">\n<div class=\"wp-block-column is-layout-flow wp-block-column-is-layout-flow\">\n<figure class=\"wp-block-image size-large is-resized\"><a href=\"http:\/\/www.vetdoc.es\/index.php?journal=vetdoc\" target=\"_blank\" rel=\"noopener\"><img loading=\"lazy\" decoding=\"async\" src=\"https:\/\/vetdoc2022.ulpgc.es\/wp-content\/uploads\/2022\/02\/vetdoc-logo-1024x557.jpg\" alt=\"\" class=\"wp-image-83\" width=\"193\" height=\"104\" srcset=\"https:\/\/vetdoc2022.ulpgc.es\/wp-content\/uploads\/2022\/02\/vetdoc-logo-1024x557.jpg 1024w, https:\/\/vetdoc2022.ulpgc.es\/wp-content\/uploads\/2022\/02\/vetdoc-logo-300x163.jpg 300w, https:\/\/vetdoc2022.ulpgc.es\/wp-content\/uploads\/2022\/02\/vetdoc-logo-768x418.jpg 768w, https:\/\/vetdoc2022.ulpgc.es\/wp-content\/uploads\/2022\/02\/vetdoc-logo-1536x835.jpg 1536w, https:\/\/vetdoc2022.ulpgc.es\/wp-content\/uploads\/2022\/02\/vetdoc-logo-2048x1113.jpg 2048w, https:\/\/vetdoc2022.ulpgc.es\/wp-content\/uploads\/2022\/02\/vetdoc-logo-500x272.jpg 500w\" sizes=\"auto, (max-width: 193px) 100vw, 193px\" \/><\/a><\/figure>\n<\/div>\n\n\n\n<div class=\"wp-block-column is-layout-flow wp-block-column-is-layout-flow\">\n<figure class=\"wp-block-image size-large\"><a href=\"https:\/\/www.fv.ulpgc.es\/\" target=\"_blank\" rel=\"noopener\"><img loading=\"lazy\" decoding=\"async\" width=\"1024\" height=\"201\" src=\"https:\/\/vetdoc2022.ulpgc.es\/wp-content\/uploads\/2022\/02\/fveterinaria_h_c_-1024x201.jpg\" alt=\"\" class=\"wp-image-82\" srcset=\"https:\/\/vetdoc2022.ulpgc.es\/wp-content\/uploads\/2022\/02\/fveterinaria_h_c_-1024x201.jpg 1024w, https:\/\/vetdoc2022.ulpgc.es\/wp-content\/uploads\/2022\/02\/fveterinaria_h_c_-300x59.jpg 300w, https:\/\/vetdoc2022.ulpgc.es\/wp-content\/uploads\/2022\/02\/fveterinaria_h_c_-768x150.jpg 768w, https:\/\/vetdoc2022.ulpgc.es\/wp-content\/uploads\/2022\/02\/fveterinaria_h_c_-500x98.jpg 500w, https:\/\/vetdoc2022.ulpgc.es\/wp-content\/uploads\/2022\/02\/fveterinaria_h_c_.jpg 1200w\" sizes=\"auto, (max-width: 1024px) 100vw, 1024px\" \/><\/a><\/figure>\n<\/div>\n<\/div>\n\n\n\n<div class=\"wp-block-columns is-layout-flex wp-container-core-columns-is-layout-9d6595d7 wp-block-columns-is-layout-flex\">\n<div class=\"wp-block-column is-layout-flow wp-block-column-is-layout-flow\">\n<figure class=\"wp-block-image size-full is-resized\"><img loading=\"lazy\" decoding=\"async\" src=\"https:\/\/vetdoc2022.ulpgc.es\/wp-content\/uploads\/2022\/02\/by-sa.png\" alt=\"\" class=\"wp-image-200\" width=\"73\" height=\"26\" srcset=\"https:\/\/vetdoc2022.ulpgc.es\/wp-content\/uploads\/2022\/02\/by-sa.png 403w, https:\/\/vetdoc2022.ulpgc.es\/wp-content\/uploads\/2022\/02\/by-sa-300x105.png 300w, https:\/\/vetdoc2022.ulpgc.es\/wp-content\/uploads\/2022\/02\/by-sa-375x141.png 375w\" sizes=\"auto, (max-width: 73px) 100vw, 73px\" \/><\/figure>\n\n\n\n<p style=\"font-size:8px\">Algunas de im\u00e1genes presentes en esta web se usan bajo licencia <a href=\"https:\/\/commons.wikimedia.org\/w\/index.php?search=gran+canaria&amp;title=Special:MediaSearch&amp;go=Go&amp;type=image\" target=\"_blank\" rel=\"noreferrer noopener\">CC BY-SA<\/a><\/p>\n<\/div>\n<\/div>\n\n\n\n<div class=\"wp-block-columns are-vertically-aligned-center is-layout-flex wp-container-core-columns-is-layout-9d6595d7 wp-block-columns-is-layout-flex\">\n<div class=\"wp-block-column is-vertically-aligned-center is-layout-flow wp-block-column-is-layout-flow\" style=\"flex-basis:100%\">\n<div class=\"wp-block-group\"><div class=\"wp-block-group__inner-container is-layout-flow wp-block-group-is-layout-flow\"><\/div><\/div>\n<\/div>\n<\/div>\n","protected":false},"excerpt":{"rendered":"<p>NOTICIAS Estimados compa\u00f1eros: La Asociaci\u00f3n Espa\u00f1ola de Veterinarios Docentes y el Comit\u00e9 Organizador tiene el placer de invitarles al VI<span class=\"exprt-dot\"><\/span><\/p>\n","protected":false},"author":1,"featured_media":0,"parent":0,"menu_order":0,"comment_status":"closed","ping_status":"open","template":"","meta":{"spay_email":"","footnotes":""},"class_list":["post-2","page","type-page","status-publish","hentry"],"yoast_head":"<!-- This site is optimized with the Yoast SEO plugin v18.1 - https:\/\/yoast.com\/wordpress\/plugins\/seo\/ -->\n<title>Bienvenidos - VI Congreso VetDoc Gran Canaria 2022<\/title>\n<meta name=\"description\" content=\"VI Congreso VetDoc de Docencia Veterinaria Gran Canaria 2022\" \/>\n<meta name=\"robots\" content=\"index, follow, max-snippet:-1, max-video-preview:-1, noimageindex\" \/>\n<link rel=\"canonical\" href=\"https:\/\/vetdoc2022.ulpgc.es\/\" \/>\n<meta property=\"og:locale\" content=\"es_ES\" \/>\n<meta property=\"og:type\" content=\"article\" \/>\n<meta property=\"og:title\" content=\"Bienvenidos - VI Congreso VetDoc Gran Canaria 2022\" \/>\n<meta property=\"og:description\" content=\"VI Congreso VetDoc de Docencia Veterinaria Gran Canaria 2022\" \/>\n<meta property=\"og:url\" content=\"https:\/\/vetdoc2022.ulpgc.es\/\" \/>\n<meta property=\"og:site_name\" content=\"VI Congreso VetDoc Gran Canaria 2022\" \/>\n<meta property=\"article:modified_time\" content=\"2022-06-10T08:52:08+00:00\" \/>\n<meta property=\"og:image\" content=\"https:\/\/vetdoc2022.ulpgc.es\/wp-content\/uploads\/2022\/06\/foto-de-grupo-VetDoc2022-1024x480.jpeg\" \/>\n<meta name=\"twitter:card\" content=\"summary_large_image\" \/>\n<meta name=\"twitter:label1\" content=\"Tiempo de lectura\" \/>\n\t<meta name=\"twitter:data1\" content=\"2 minutos\" \/>\n<script type=\"application\/ld+json\" class=\"yoast-schema-graph\">{\"@context\":\"https:\/\/schema.org\",\"@graph\":[{\"@type\":\"Organization\",\"@id\":\"https:\/\/vetdoc2022.ulpgc.es\/#organization\",\"name\":\"VetDoc 2022\",\"url\":\"https:\/\/vetdoc2022.ulpgc.es\/\",\"sameAs\":[],\"logo\":{\"@type\":\"ImageObject\",\"@id\":\"https:\/\/vetdoc2022.ulpgc.es\/#logo\",\"inLanguage\":\"es\",\"url\":\"https:\/\/vetdoc2022.ulpgc.es\/wp-content\/uploads\/2022\/02\/vetdoc-logo-Gran-Canaria-1-scaled.jpg\",\"contentUrl\":\"https:\/\/vetdoc2022.ulpgc.es\/wp-content\/uploads\/2022\/02\/vetdoc-logo-Gran-Canaria-1-scaled.jpg\",\"width\":2560,\"height\":1566,\"caption\":\"VetDoc 2022\"},\"image\":{\"@id\":\"https:\/\/vetdoc2022.ulpgc.es\/#logo\"}},{\"@type\":\"WebSite\",\"@id\":\"https:\/\/vetdoc2022.ulpgc.es\/#website\",\"url\":\"https:\/\/vetdoc2022.ulpgc.es\/\",\"name\":\"VI Congreso VetDoc Gran Canaria 2022\",\"description\":\"8, 9 y 10 de junio 2022\",\"publisher\":{\"@id\":\"https:\/\/vetdoc2022.ulpgc.es\/#organization\"},\"potentialAction\":[{\"@type\":\"SearchAction\",\"target\":{\"@type\":\"EntryPoint\",\"urlTemplate\":\"https:\/\/vetdoc2022.ulpgc.es\/?s={search_term_string}\"},\"query-input\":\"required name=search_term_string\"}],\"inLanguage\":\"es\"},{\"@type\":\"ImageObject\",\"@id\":\"https:\/\/vetdoc2022.ulpgc.es\/#primaryimage\",\"inLanguage\":\"es\",\"url\":\"https:\/\/vetdoc2022.ulpgc.es\/wp-content\/uploads\/2022\/06\/foto-de-grupo-VetDoc2022.jpeg\",\"contentUrl\":\"https:\/\/vetdoc2022.ulpgc.es\/wp-content\/uploads\/2022\/06\/foto-de-grupo-VetDoc2022.jpeg\",\"width\":1957,\"height\":917},{\"@type\":\"WebPage\",\"@id\":\"https:\/\/vetdoc2022.ulpgc.es\/#webpage\",\"url\":\"https:\/\/vetdoc2022.ulpgc.es\/\",\"name\":\"Bienvenidos - VI Congreso VetDoc Gran Canaria 2022\",\"isPartOf\":{\"@id\":\"https:\/\/vetdoc2022.ulpgc.es\/#website\"},\"primaryImageOfPage\":{\"@id\":\"https:\/\/vetdoc2022.ulpgc.es\/#primaryimage\"},\"datePublished\":\"2022-02-01T11:06:52+00:00\",\"dateModified\":\"2022-06-10T08:52:08+00:00\",\"description\":\"VI Congreso VetDoc de Docencia Veterinaria Gran Canaria 2022\",\"breadcrumb\":{\"@id\":\"https:\/\/vetdoc2022.ulpgc.es\/#breadcrumb\"},\"inLanguage\":\"es\",\"potentialAction\":[{\"@type\":\"ReadAction\",\"target\":[\"https:\/\/vetdoc2022.ulpgc.es\/\"]}]},{\"@type\":\"BreadcrumbList\",\"@id\":\"https:\/\/vetdoc2022.ulpgc.es\/#breadcrumb\",\"itemListElement\":[{\"@type\":\"ListItem\",\"position\":1,\"name\":\"Portada\",\"item\":\"https:\/\/vetdoc2022.ulpgc.es\/\"},{\"@type\":\"ListItem\",\"position\":2,\"name\":\"Bienvenidos\"}]}]}<\/script>\n<!-- \/ Yoast SEO plugin. -->","yoast_head_json":{"title":"Bienvenidos - VI Congreso VetDoc Gran Canaria 2022","description":"VI Congreso VetDoc de Docencia Veterinaria Gran Canaria 2022","robots":{"index":"index","follow":"follow","max-snippet":"max-snippet:-1","max-video-preview":"max-video-preview:-1","imageindex":"noimageindex"},"canonical":"https:\/\/vetdoc2022.ulpgc.es\/","og_locale":"es_ES","og_type":"article","og_title":"Bienvenidos - VI Congreso VetDoc Gran Canaria 2022","og_description":"VI Congreso VetDoc de Docencia Veterinaria Gran Canaria 2022","og_url":"https:\/\/vetdoc2022.ulpgc.es\/","og_site_name":"VI Congreso VetDoc Gran Canaria 2022","article_modified_time":"2022-06-10T08:52:08+00:00","og_image":[{"url":"https:\/\/vetdoc2022.ulpgc.es\/wp-content\/uploads\/2022\/06\/foto-de-grupo-VetDoc2022-1024x480.jpeg"}],"twitter_card":"summary_large_image","twitter_misc":{"Tiempo de lectura":"2 minutos"},"schema":{"@context":"https:\/\/schema.org","@graph":[{"@type":"Organization","@id":"https:\/\/vetdoc2022.ulpgc.es\/#organization","name":"VetDoc 2022","url":"https:\/\/vetdoc2022.ulpgc.es\/","sameAs":[],"logo":{"@type":"ImageObject","@id":"https:\/\/vetdoc2022.ulpgc.es\/#logo","inLanguage":"es","url":"https:\/\/vetdoc2022.ulpgc.es\/wp-content\/uploads\/2022\/02\/vetdoc-logo-Gran-Canaria-1-scaled.jpg","contentUrl":"https:\/\/vetdoc2022.ulpgc.es\/wp-content\/uploads\/2022\/02\/vetdoc-logo-Gran-Canaria-1-scaled.jpg","width":2560,"height":1566,"caption":"VetDoc 2022"},"image":{"@id":"https:\/\/vetdoc2022.ulpgc.es\/#logo"}},{"@type":"WebSite","@id":"https:\/\/vetdoc2022.ulpgc.es\/#website","url":"https:\/\/vetdoc2022.ulpgc.es\/","name":"VI Congreso VetDoc Gran Canaria 2022","description":"8, 9 y 10 de junio 2022","publisher":{"@id":"https:\/\/vetdoc2022.ulpgc.es\/#organization"},"potentialAction":[{"@type":"SearchAction","target":{"@type":"EntryPoint","urlTemplate":"https:\/\/vetdoc2022.ulpgc.es\/?s={search_term_string}"},"query-input":"required name=search_term_string"}],"inLanguage":"es"},{"@type":"ImageObject","@id":"https:\/\/vetdoc2022.ulpgc.es\/#primaryimage","inLanguage":"es","url":"https:\/\/vetdoc2022.ulpgc.es\/wp-content\/uploads\/2022\/06\/foto-de-grupo-VetDoc2022.jpeg","contentUrl":"https:\/\/vetdoc2022.ulpgc.es\/wp-content\/uploads\/2022\/06\/foto-de-grupo-VetDoc2022.jpeg","width":1957,"height":917},{"@type":"WebPage","@id":"https:\/\/vetdoc2022.ulpgc.es\/#webpage","url":"https:\/\/vetdoc2022.ulpgc.es\/","name":"Bienvenidos - VI Congreso VetDoc Gran Canaria 2022","isPartOf":{"@id":"https:\/\/vetdoc2022.ulpgc.es\/#website"},"primaryImageOfPage":{"@id":"https:\/\/vetdoc2022.ulpgc.es\/#primaryimage"},"datePublished":"2022-02-01T11:06:52+00:00","dateModified":"2022-06-10T08:52:08+00:00","description":"VI Congreso VetDoc de Docencia Veterinaria Gran Canaria 2022","breadcrumb":{"@id":"https:\/\/vetdoc2022.ulpgc.es\/#breadcrumb"},"inLanguage":"es","potentialAction":[{"@type":"ReadAction","target":["https:\/\/vetdoc2022.ulpgc.es\/"]}]},{"@type":"BreadcrumbList","@id":"https:\/\/vetdoc2022.ulpgc.es\/#breadcrumb","itemListElement":[{"@type":"ListItem","position":1,"name":"Portada","item":"https:\/\/vetdoc2022.ulpgc.es\/"},{"@type":"ListItem","position":2,"name":"Bienvenidos"}]}]}},"_links":{"self":[{"href":"https:\/\/vetdoc2022.ulpgc.es\/index.php\/wp-json\/wp\/v2\/pages\/2","targetHints":{"allow":["GET"]}}],"collection":[{"href":"https:\/\/vetdoc2022.ulpgc.es\/index.php\/wp-json\/wp\/v2\/pages"}],"about":[{"href":"https:\/\/vetdoc2022.ulpgc.es\/index.php\/wp-json\/wp\/v2\/types\/page"}],"author":[{"embeddable":true,"href":"https:\/\/vetdoc2022.ulpgc.es\/index.php\/wp-json\/wp\/v2\/users\/1"}],"replies":[{"embeddable":true,"href":"https:\/\/vetdoc2022.ulpgc.es\/index.php\/wp-json\/wp\/v2\/comments?post=2"}],"version-history":[{"count":16,"href":"https:\/\/vetdoc2022.ulpgc.es\/index.php\/wp-json\/wp\/v2\/pages\/2\/revisions"}],"predecessor-version":[{"id":506,"href":"https:\/\/vetdoc2022.ulpgc.es\/index.php\/wp-json\/wp\/v2\/pages\/2\/revisions\/506"}],"wp:attachment":[{"href":"https:\/\/vetdoc2022.ulpgc.es\/index.php\/wp-json\/wp\/v2\/media?parent=2"}],"curies":[{"name":"wp","href":"https:\/\/api.w.org\/{rel}","templated":true}]}}